{"id":928,"date":"2013-02-07T14:59:15","date_gmt":"2013-02-07T14:59:15","guid":{"rendered":"http:\/\/www.vinterhistorie.dk\/?page_id=928"},"modified":"2013-03-10T09:44:49","modified_gmt":"2013-03-10T09:44:49","slug":"l-m-wedels-nyraad-blegen-og-kong","status":"publish","type":"page","link":"https:\/\/www.vinterhistorie.dk\/?page_id=928","title":{"rendered":"L.M. Wedels: Nyraad, Blegen og K\u00f8ng"},"content":{"rendered":"<p><em>Nedenst\u00e5ende er et uddrag af L.M. Wedels &#8220;Indenlands Rejse igjennem de betydeligste og skj\u00f8nneste Egne af de danske Provinser i \u00e5rene 1799-1804&#8221;, Odense 1806, bd. 2 [Bd. 1 er trykt i K\u00f8benhavn 1803]<\/em><\/p>\n<p><strong>Om Nyraad<\/strong>: side 157:<\/p>\n<p>Nyrood, en Bondeby, men har nogle Kj\u00f8bstads Friheder, her ere mange velbyggede Huse og kj\u00f8nne Haver, Jordens Afgr\u00f8de var fortr\u00e6ffelig, da jeg just saae den engang i H\u00f8stens Tid, men jeg har seet Byen flere Gange siden.\u00a0 Herfra giver Wordingborg sig got ud og vises st\u00f8rre end den virkelig er.\u00a0 Denne Bye synes og at v\u00e6re Stadens Forstad, og i Fordums Dage har den ventelig v\u00e6ret et Stykke af selve Staden.<\/p>\n<p><strong>Om Blegen<\/strong>: side 160:<\/p>\n<p>Overfarten over Gr\u00f8nsund til Falster er omtrent 2 Miil, og man seer adskillige \u00d8er i N\u00e6rheden, Rybergs pr\u00e6gtige Blegeri ved Westerb\u00e6k&#8230;<\/p>\n<p><strong>Om K\u00f8ng<\/strong>: side 285:<\/p>\n<p>Ki\u00f8ng V\u00e6ver-Seminarium, hvor B\u00f8nderdrengene fra adskillige Godser till\u00e6res efter den Skotske Maade at v\u00e6ve l\u00e6rred og Drejl, blev af Hr. Conferenceraad Ryberg bygget 1781, og bestaar i en anselig Hovedbygning af 12 Fag og en stor Quist, 2 Sidebygninger, hver af 16 Fag, inrettet til 21 V\u00e6ve, opf\u00f8rte af Brandmuur og teglh\u00e6ngte.\u00a0 Heglehuset er bygget i 1784, 16 Fag bindingsv\u00e6rk, Teglh\u00e6ngt.<\/p>\n<p>H\u00f8rm\u00f8llen, hvor H\u00f8rren bliver braget og sliettet med en hest, bindingsv\u00e6rk 20 Fag, teglh\u00e6ngt, bygget 1785, br\u00e6ndt af og 1786 opbygget igen.<\/p>\n<p>Spindeskolen bygget 1778, 9 Fag, Brandmuur og teglh\u00e6ngt.\u00a0 Heglemesterens Huus 9 Fag Bindingsv\u00e6rk, teglh\u00e6ngt, bygget 1785.\u00a0 Spolehuus 9 Fag Bindingsv\u00e6rk teglh\u00e6ngt, bygget 1785.\u00a0 V\u00e6vermesterens Huus 11 Fag, Bindingsv\u00e6rk, teglh\u00e6ngt, bygget 1785.\u00a0 Hospitalet 12 fag Grundmuret, teglh\u00e6ngt, indrettet til 10 fattige, da hver nyder foruden frit Huus 10 Rd, T\u00f8rv, Ertvaskat?\u00a0 Med frie Docter og Medicin.\u00a0 I hver V\u00e6relse, som alle er begipsede, ere 2 personer, hver sover for sig.\u00a0 Mandfolkene har deres v\u00e6relser for sig alene, ved hver Stue er et lille Kj\u00f8kken og spisekammer, desforuden er den Stue for Syge og en Storstue hvor de kan samles til b\u00f8n og selvskabelig Arbejde, bygget 1793.\u00a0 Et Hus til V\u00e6ver Folkenes Sovev\u00e6relse.\u00a0 Et simpelt F\u00e6stehuus hvor 5 Folk v\u00e6ver.\u00a0 En L\u00e6se og Spindeskole i Ring, Bindingsv\u00e6rk, 15 Fag, Straaetag.\u00a0 I Vintersb\u00f8lle er indrettet en Bleg efter den engelske M\u00e5de, bestaar af Stuehuus 13 Fag, et T\u00f8rvehuus 11 Fag 2 Etager, en Vaskemaskine, alt Bindingsv\u00e6rk med Straae, bygget 1800.\u00a0 I Ki\u00f8ng er et G\u00e6stgiverhuus 9n Fag Bindingsv\u00e6rk, Straaetag og Sidebygningen 8 Fag.\u00a0 Forpagterens L\u00e6nge 15 Fag Bindingsv\u00e6rk, teglh\u00e6ngt.\u00a0 Mejeriet 15 Fag Bindingsv\u00e6rk og Straaetag, Laden 38 Fag bindingsv\u00e6rk, Straaetag.\u00a0 Huset hvori Kiernem\u00f8llen er, 6 Fag Bindingsv\u00e6rk, Straaetag.\u00a0 Svineogle 10 Fag Bindingsv\u00e6rk, Straaetag.\u00a0 Bryggerhuset 9 Fag Bindingsv\u00e6rk teglh\u00e6ngt.\u00a0 Gartnerens Huus 9 Fag, Bindingsv\u00e6rk, teglh\u00e6ngt.\u00a0 Foruden er p\u00e5 Hovmarken og i Byen i Conferenceraad Rybergs Tid 25 nye Huuse og i Vintersb\u00f8lle bygt 4 huse.\u00a0 Hovmarken vare f\u00f8rend B\u00f8nderne fik Ejendom 11, men siden 1798 blev 2 Marker inddelt til Huuslodder og bygt med Huse og 3 Marker, forpagtet til B\u00f8nderne, de \u00f8vrige 6 ere nu inddeelte i 13 Marker.\u00a0 H\u00f8ravlen dette vigtige Fag for F\u00e6drelandet, har v\u00e6ret og bliver her en vigtig Gjenstand, Brakmarken bliver besaaet med H\u00f8rfr\u00f8e og dens Behandling og For\u00e6dling til L\u00e6rred og Drejl vil forskaffe Staten ej alene endnu st\u00f8rre Folkem\u00e6ngde, men ogsaa den i de sidste Aar tiltagende Huusmandsstand giver den saavelsom deres B\u00f8rn tilstr\u00e6kkelig Ophold, da man i modsat Fald ej indseer hgvor alle de B\u00f8rn som avles paa 3 a 4 T\u00f8nder Land skal finde Ophold.\u00a0 Naar de forstaaer H\u00f8rrens rigtige Behandling, saa kan de faae 3 a 4 Skjepper H\u00f8rfr\u00f8e, spinde og v\u00e6ve den i frie Agerdyrknings Timer, s\u00e6lge deres L\u00e6rred og Drejel, og vi skal kunne concurrere med fremmede Nationer, hvor vort H\u00f8rfr\u00f8e er allerede bekjendt i Vestphalen og Skotland, og kan det komme derhen f\u00f8r Saae Tiden saa er ingen Tvivl om ders Afs\u00e6tning.\u00a0 Siden man begyndte med H\u00f8ravl her paa Gaarden, saa har B\u00f8nderne avlet saa meget at de ej meer kj\u00f8ber fra Kj\u00f8bmanden, men derimod begynder de allerede at s\u00e6lge Fr\u00f8et til ham, man veed den Bonde som har faet 3 a 4 T\u00f8nder H\u00f8rfr\u00e5e, og solgt heglet H\u00f8r til Kj\u00f8bst\u00e6derne.\u00a0 Kl\u00f8veravl har for l\u00e6nge siden paa Ki\u00f8ngs Godser v\u00e6ret overalt og Fr\u00e6ets gode Behandling har forskaffet dem fortrindelig Afsats.\u00a0 I Vintersb\u00f8lle er 175 Tdr. Land indhegnet til Skov, og Forstm\u00e6nd forsikre: at, af und Skov skal den v\u00e6re den bedste som er seet i Landet; der er omtrent 700 Favne Steengjerde sat omkring Skoven, og dermed continueres aarlig.\u00a0 B\u00f8nderne ere Selvejere, deres Hardkorn er lidt over 5 T\u00f8nder og Areal af Ager og Eng Jord omtrent 136 a 40 T\u00f8nder for det meste mose, undtagen 3 M\u00e6nd i Lundbyetorp, en besynderlig Omst\u00e6ndighed i denne Egn, og deres Jorder er kun maadelig; I Almindelighed er Jorden Muld, kun faa St\u00e6der Leer.<\/p>\n<p>Ki\u00f8ng Landsbye ligger t\u00e6t ved Fabrikken, om dens Gaarde er ikke noget fortrinligen at m\u00e6lde; men Kirken er us\u00e6dvanlig smuk med en sirlig Kuppel p\u00e5 Taarnet, har en Deel nye sk\u00f8nne Prydelser og Orgel, saa mange Rejsende drage hen for at see dens mange nye Indretninger, bekostede for nogle Aar siden af Conferenceraad Ryberg.<\/p>\n<p>Ki\u00f8ng Fabriqve levere s\u00e6rdeles gode Varer, sk\u00f8nt noget dyrere end de udenlandske, men ogsaa noget bedre i Boniteten.\u00a0 Her kan faaes alle Sorter is\u00e6r ypperlige fine Drejler og L\u00e6rreder, hegler H\u00f8r og Blaar, H\u00f8rfr\u00f8e o.a. bl.\u00a0 For visse bestemte Priser, desuden har Fabrikken ogsaa sit Oplag paa B\u00f8rsen i Kj\u00f8benhavn, og s\u00e6lges efter fastsadt Takst.\u00a0 Inspekt\u00f8r Voelker ved dette V\u00e6ver-Seminarium har haft den Godhed at tilsende mig ovenanf\u00f8rte Efterretninger derom efter min Anmodning.<\/p>\n<p>I Ki\u00f8ng er opf\u00f8rt et Jordhuus efter Cointeraus Maade, dette smukke Huus er 25 Alen lang og 10 bred, santmenstumpet ere V\u00e6ggene af Blaaeleer med nogen Jordblanding til 16 Tommers Tykkelse og udvendig rappede med en Blanding af Kalk, Glas, Stenkul og Sand, som sikkrer mod Luftens Paavirkning. Stuerne deri er meget varme og t\u00e6tte.\u00a0 V\u00e6ggene Kj\u00f8nne og denne Bytgningsmaade er meget at anbefale; man har en trykt Afh\u00e6ndling om disse Huses Bygning oversat af H.E. Seidelin, Kj\u00f8benhavn 1797.<\/p>\n<p>Disse og andre flere Indretninger ved hele Fabriqven ere bekostede af vore patriotiske Ryberg, som nu er d\u00f8d; han har gjort meget for Staten som Handelsmand og har sadt mange H\u00e6nder i Arbejde ved andre Fabriqver, han hjalp adskillige Fattige, og lod unge Mennesker rejse Udenlands for at l\u00e6re; som Godsejer gjorde han store Ting her og i Fyen for B\u00f8ndernes Velf\u00e6rd; han var elsket af alle retssindige, thi han var klog, god, sindig, omgj\u00e6ngelig, og han var en Christen.<\/p>\n<p><em>Samlet af Anne-Marie Jacobsen, 24\/7-2001<\/em><\/p>\n","protected":false},"excerpt":{"rendered":"<p>Nedenst\u00e5ende er et uddrag af L.M. Wedels &#8220;Indenlands Rejse igjennem de betydeligste og skj\u00f8nneste Egne af de danske Provinser i \u00e5rene 1799-1804&#8221;, Odense 1806, bd. 2 [Bd. 1 er trykt i K\u00f8benhavn 1803] Om Nyraad: [&hellip;]<\/p>\n","protected":false},"author":3,"featured_media":0,"parent":889,"menu_order":0,"comment_status":"open","ping_status":"closed","template":"","meta":{"footnotes":""},"class_list":["post-928","page","type-page","status-publish","hentry"],"_links":{"self":[{"href":"https:\/\/www.vinterhistorie.dk\/index.php?rest_route=\/wp\/v2\/pages\/928","targetHints":{"allow":["GET"]}}],"collection":[{"href":"https:\/\/www.vinterhistorie.dk\/index.php?rest_route=\/wp\/v2\/pages"}],"about":[{"href":"https:\/\/www.vinterhistorie.dk\/index.php?rest_route=\/wp\/v2\/types\/page"}],"author":[{"embeddable":true,"href":"https:\/\/www.vinterhistorie.dk\/index.php?rest_route=\/wp\/v2\/users\/3"}],"replies":[{"embeddable":true,"href":"https:\/\/www.vinterhistorie.dk\/index.php?rest_route=%2Fwp%2Fv2%2Fcomments&post=928"}],"version-history":[{"count":3,"href":"https:\/\/www.vinterhistorie.dk\/index.php?rest_route=\/wp\/v2\/pages\/928\/revisions"}],"predecessor-version":[{"id":1083,"href":"https:\/\/www.vinterhistorie.dk\/index.php?rest_route=\/wp\/v2\/pages\/928\/revisions\/1083"}],"up":[{"embeddable":true,"href":"https:\/\/www.vinterhistorie.dk\/index.php?rest_route=\/wp\/v2\/pages\/889"}],"wp:attachment":[{"href":"https:\/\/www.vinterhistorie.dk\/index.php?rest_route=%2Fwp%2Fv2%2Fmedia&parent=928"}],"curies":[{"name":"wp","href":"https:\/\/api.w.org\/{rel}","templated":true}]}}