{"id":877,"date":"2013-01-30T07:13:47","date_gmt":"2013-01-30T07:13:47","guid":{"rendered":"http:\/\/www.vinterhistorie.dk\/?page_id=877"},"modified":"2013-01-30T07:14:23","modified_gmt":"2013-01-30T07:14:23","slug":"erindringer-fra-bevaerterhuset","status":"publish","type":"page","link":"https:\/\/www.vinterhistorie.dk\/?page_id=877","title":{"rendered":"Erindringer fra Bev\u00e6rterhuset"},"content":{"rendered":"<p>Agnes Maggie Nielsen (\u00e5rgang 1918) fort\u00e6ller:<\/p>\n<p>&#8220;Jeg husker det lille Hus fra min tidligste Barndom, hvor alle vi fra Kohaven, om Sommeren en S\u00f8ndag inden H\u00f8stens Tid k\u00f8rte med Hestevogne til Stranden og sp\u00e6ndte Hestene fra (vi havde Foder med) og gik i Vandet, og vi B\u00f8rn legede bagefter, og Konerne lavede Kaffe inde hos Damen, p\u00e5 den store Madam Blaa &#8211; det var en dejlig Dag.\u00a0 Vi kaldte det Trakt\u00f8rstedet.\u00a0 Jeg har aldrig h\u00f8rt noget andet Navn.&#8221;<\/p>\n<p>I sine Barndomserindringer (som ogs\u00e5 indeholder lidt om Smed Fr. Jensen) skriver Agnes Nielsen f\u00f8lgende: &#8230;&#8221;Dog skete det om Sommeren, naar det meste Arbejde i Marken var overstaaet, at vi og nogle af de andre &#8220;Kohaver&#8221; (vi boede i \u00d8rslve Kohave &#8211; deraf \u00d8genavnet) &#8211; sp\u00e6ndte for de fine K\u00f8ret\u00f8jer. (Der blev vasket Vogn og pudset Selet\u00f8j f\u00f8rst) en S\u00f8ndag, n\u00e5r det var godt Vejr, &#8211; og k\u00f8rte til Stranden ved Vintersb\u00f8lle med Madkurven &#8211; det var herligt &#8211; s\u00e5 var vi i Vandet og foer ned ud io Vandet p\u00e5 Hestene, hvis det var varmt nok, og jeg legede med B\u00f8rnene, hvad der ellers var en sj\u00e6ldenhed &#8211; i hvert Fald f\u00f8r jeg begyndte i Skolen.\u00a0 Selve Turen derned var en oplevelse &#8211; s\u00e5dan en fire-fem Vogne p\u00e5 Stribe med glade Mennesker &#8211; det var gyldne \u00d8jeblikke, &#8211; som man husker &#8212;&#8221;<\/p>\n<p><em>Afleveret til Lokalhistorisk Forening 28\/4-2003 af Agnes Nielsens datter.<\/em><\/p>\n","protected":false},"excerpt":{"rendered":"<p>Agnes Maggie Nielsen (\u00e5rgang 1918) fort\u00e6ller: &#8220;Jeg husker det lille Hus fra min tidligste Barndom, hvor alle vi fra Kohaven, om Sommeren en S\u00f8ndag inden H\u00f8stens Tid k\u00f8rte med Hestevogne til Stranden og sp\u00e6ndte Hestene [&hellip;]<\/p>\n","protected":false},"author":3,"featured_media":0,"parent":534,"menu_order":0,"comment_status":"open","ping_status":"open","template":"","meta":{"footnotes":""},"class_list":["post-877","page","type-page","status-publish","hentry"],"_links":{"self":[{"href":"https:\/\/www.vinterhistorie.dk\/index.php?rest_route=\/wp\/v2\/pages\/877","targetHints":{"allow":["GET"]}}],"collection":[{"href":"https:\/\/www.vinterhistorie.dk\/index.php?rest_route=\/wp\/v2\/pages"}],"about":[{"href":"https:\/\/www.vinterhistorie.dk\/index.php?rest_route=\/wp\/v2\/types\/page"}],"author":[{"embeddable":true,"href":"https:\/\/www.vinterhistorie.dk\/index.php?rest_route=\/wp\/v2\/users\/3"}],"replies":[{"embeddable":true,"href":"https:\/\/www.vinterhistorie.dk\/index.php?rest_route=%2Fwp%2Fv2%2Fcomments&post=877"}],"version-history":[{"count":3,"href":"https:\/\/www.vinterhistorie.dk\/index.php?rest_route=\/wp\/v2\/pages\/877\/revisions"}],"predecessor-version":[{"id":880,"href":"https:\/\/www.vinterhistorie.dk\/index.php?rest_route=\/wp\/v2\/pages\/877\/revisions\/880"}],"up":[{"embeddable":true,"href":"https:\/\/www.vinterhistorie.dk\/index.php?rest_route=\/wp\/v2\/pages\/534"}],"wp:attachment":[{"href":"https:\/\/www.vinterhistorie.dk\/index.php?rest_route=%2Fwp%2Fv2%2Fmedia&parent=877"}],"curies":[{"name":"wp","href":"https:\/\/api.w.org\/{rel}","templated":true}]}}