{"id":788,"date":"2012-11-23T14:52:03","date_gmt":"2012-11-23T14:52:03","guid":{"rendered":"http:\/\/www.vinterhistorie.dk\/?page_id=788"},"modified":"2020-09-07T06:49:51","modified_gmt":"2020-09-07T06:49:51","slug":"litteraturliste","status":"publish","type":"page","link":"https:\/\/www.vinterhistorie.dk\/?page_id=788","title":{"rendered":"Litteraturliste"},"content":{"rendered":"<table border=\"0\">\n<tbody>\n<tr>\n<td>Barndomsminder fra Bakkeb\u00f8lle<\/td>\n<td>J. Olsen<\/td>\n<\/tr>\n<tr>\n<td>Fra Barndommens Land<\/td>\n<td>P.F. Sandberg<\/td>\n<\/tr>\n<tr>\n<td>Om et langt liv i dansk farmacis tjeneste og om andre ting<\/td>\n<td>P.F. Sandberg<\/td>\n<\/tr>\n<tr>\n<td>Nyraad Bryggeri<\/td>\n<td>Poul S\u00f8rensen<\/td>\n<\/tr>\n<tr>\n<td>Vintersb\u00f8lle skole &#8211; h\u00e6fte<\/td>\n<td>Preben Christensen m.f.<\/td>\n<\/tr>\n<tr>\n<td>Vintersb\u00f8lle skole &#8211; Fuld af liv i 100 \u00e5r<\/td>\n<td>Anne-Marie Jacobsen m.f.<\/td>\n<\/tr>\n<tr>\n<td>Fort\u00e6llinger fra Vintersb\u00f8lle<\/td>\n<td>Anne-Marie Jacobsen m.f.<\/td>\n<\/tr>\n<tr>\n<td>Fort\u00e6llinger fra Nyr\u00e5d<\/td>\n<td>Anne-Marie Jacobsen m.f.<\/td>\n<\/tr>\n<tr>\n<td>Hjalet &#8211; Historien om en strandvejsvilla ved Bakkeb\u00f8lle Strand<\/td>\n<td>Carsten Kock<\/td>\n<\/tr>\n<tr>\n<td>Kulturhistoriske studier &#8211; 1997 &#8211; Nyr\u00e5d, landsby og k\u00f8bstad<\/td>\n<td>Verner Jensen<\/td>\n<\/tr>\n<tr>\n<td>Kulturhistoriske studier &#8211; 1998 &#8211; K\u00f8ng fabrikker<\/td>\n<td>Per O. Schovsbo<\/td>\n<\/tr>\n<tr>\n<td>Kulturhistoriske studier &#8211; 2003 &#8211; K\u00f8ng fabrikker 1-2<\/td>\n<td>Charlotte Paludan<\/td>\n<\/tr>\n<tr>\n<td>Kulturhistoriske studier &#8211; 2004 &#8211; Niels Ryberg<\/td>\n<td>Gerd Malling<\/td>\n<\/tr>\n<tr>\n<td>Kulturhistoriske studier &#8211; 2004 &#8211; Niels Ryberg &#8211; tegneserie<\/td>\n<td>Jesper Clausen<\/td>\n<\/tr>\n<tr>\n<td>Dansk Handel og Industri<\/td>\n<td>Nyraad handel &#8211; side 46<\/td>\n<\/tr>\n<tr>\n<td>Sl\u00e6gten Ellehammer &#8211; h\u00e6fte<\/td>\n<td>Mogens Ellehammer<\/td>\n<\/tr>\n<tr>\n<td>Hesten i Sydsj\u00e6lland gennem 200 aar &#8211; 1700-1900<\/td>\n<td>Holger Munk<\/td>\n<\/tr>\n<tr>\n<td>Rytterbonden &#8211; Vordingborg Rytterdistrikt<\/td>\n<td>Holger Munk<\/td>\n<\/tr>\n<tr>\n<td>J\u00e6gerspris F\u00e6rgegaard<\/td>\n<td>Holger Munk<\/td>\n<\/tr>\n<tr>\n<td>Mindets lyse spil<\/td>\n<td>Holger Munk<\/td>\n<\/tr>\n<tr>\n<td>Hasselskoven<\/td>\n<td>Holger Munk<\/td>\n<\/tr>\n<tr>\n<td>Far\u00f8<\/td>\n<td>Holger Munk<\/td>\n<\/tr>\n<tr>\n<td>En Holger Munk Bibliografi<\/td>\n<td>Holger Munk<\/td>\n<\/tr>\n<tr>\n<td>Vordingborg k\u00f8bstads historie<\/td>\n<td>P.A. Klein<\/td>\n<\/tr>\n<tr>\n<td>K\u00f8ng Fabrik 1774-1924<\/td>\n<td>Per Ole Schovsbo<\/td>\n<\/tr>\n<\/tbody>\n<\/table>\n<p>&nbsp;<\/p>\n","protected":false},"excerpt":{"rendered":"<p>Barndomsminder fra Bakkeb\u00f8lle J. Olsen Fra Barndommens Land P.F. Sandberg Om et langt liv i dansk farmacis tjeneste og om andre ting P.F. Sandberg Nyraad Bryggeri Poul S\u00f8rensen Vintersb\u00f8lle skole &#8211; h\u00e6fte Preben Christensen m.f. [&hellip;]<\/p>\n","protected":false},"author":4,"featured_media":0,"parent":36,"menu_order":0,"comment_status":"open","ping_status":"open","template":"","meta":{"footnotes":""},"class_list":["post-788","page","type-page","status-publish","hentry"],"_links":{"self":[{"href":"https:\/\/www.vinterhistorie.dk\/index.php?rest_route=\/wp\/v2\/pages\/788","targetHints":{"allow":["GET"]}}],"collection":[{"href":"https:\/\/www.vinterhistorie.dk\/index.php?rest_route=\/wp\/v2\/pages"}],"about":[{"href":"https:\/\/www.vinterhistorie.dk\/index.php?rest_route=\/wp\/v2\/types\/page"}],"author":[{"embeddable":true,"href":"https:\/\/www.vinterhistorie.dk\/index.php?rest_route=\/wp\/v2\/users\/4"}],"replies":[{"embeddable":true,"href":"https:\/\/www.vinterhistorie.dk\/index.php?rest_route=%2Fwp%2Fv2%2Fcomments&post=788"}],"version-history":[{"count":15,"href":"https:\/\/www.vinterhistorie.dk\/index.php?rest_route=\/wp\/v2\/pages\/788\/revisions"}],"predecessor-version":[{"id":829,"href":"https:\/\/www.vinterhistorie.dk\/index.php?rest_route=\/wp\/v2\/pages\/788\/revisions\/829"}],"up":[{"embeddable":true,"href":"https:\/\/www.vinterhistorie.dk\/index.php?rest_route=\/wp\/v2\/pages\/36"}],"wp:attachment":[{"href":"https:\/\/www.vinterhistorie.dk\/index.php?rest_route=%2Fwp%2Fv2%2Fmedia&parent=788"}],"curies":[{"name":"wp","href":"https:\/\/api.w.org\/{rel}","templated":true}]}}