{"id":727,"date":"2012-10-10T15:37:51","date_gmt":"2012-10-10T15:37:51","guid":{"rendered":"http:\/\/www.vinterhistorie.dk\/?page_id=727"},"modified":"2013-05-04T12:32:55","modified_gmt":"2013-05-04T12:32:55","slug":"kurt-hansen-og-per-olsen-om-virksomheder-pa-nyrad-hovedgade-i-1940erne","status":"publish","type":"page","link":"https:\/\/www.vinterhistorie.dk\/?page_id=727","title":{"rendered":"Kurt Hansen og Per Olsen &#8211; virksomheder p\u00e5 Nyr\u00e5d Hovedgade"},"content":{"rendered":"<p><a href=\"http:\/\/www.vinterhistorie.dk\/?attachment_id=725\" rel=\"attachment wp-att-725\"><img loading=\"lazy\" decoding=\"async\" class=\"alignleft size-medium wp-image-725\" title=\"Kurt og Per\" src=\"http:\/\/www.vinterhistorie.dk\/wp-content\/uploads\/2012\/10\/Kurt-og-Per-300x225.jpg\" alt=\"\" width=\"300\" height=\"225\" srcset=\"https:\/\/www.vinterhistorie.dk\/wp-content\/uploads\/2012\/10\/Kurt-og-Per-300x225.jpg 300w, https:\/\/www.vinterhistorie.dk\/wp-content\/uploads\/2012\/10\/Kurt-og-Per.jpg 800w\" sizes=\"auto, (max-width: 300px) 100vw, 300px\" \/><\/a>Kurt Hansen\u00a0tog os d. 30. april 2012 med p\u00e5 en tur op og ned ad Nyr\u00e5d Hovedgade, som den s\u00e5 ud i 1940erne og fort\u00e6ller levende og med megen humor egne erindringer om husene og deres indbyggere og de forskellige store og sm\u00e5 erhverv, byen dengang rummede.\u00a0 Per Olsen supplerer &#8211; og styrer fremvisningen af de mange billeder, Kurt har taget af husene.<\/p>\n<p>&nbsp;<\/p>\n","protected":false},"excerpt":{"rendered":"<p>Kurt Hansen\u00a0tog os d. 30. april 2012 med p\u00e5 en tur op og ned ad Nyr\u00e5d Hovedgade, som den s\u00e5 ud i 1940erne og fort\u00e6ller levende og med megen humor egne erindringer om husene og [&hellip;]<\/p>\n","protected":false},"author":3,"featured_media":0,"parent":534,"menu_order":0,"comment_status":"open","ping_status":"closed","template":"","meta":{"footnotes":""},"class_list":["post-727","page","type-page","status-publish","hentry"],"_links":{"self":[{"href":"https:\/\/www.vinterhistorie.dk\/index.php?rest_route=\/wp\/v2\/pages\/727","targetHints":{"allow":["GET"]}}],"collection":[{"href":"https:\/\/www.vinterhistorie.dk\/index.php?rest_route=\/wp\/v2\/pages"}],"about":[{"href":"https:\/\/www.vinterhistorie.dk\/index.php?rest_route=\/wp\/v2\/types\/page"}],"author":[{"embeddable":true,"href":"https:\/\/www.vinterhistorie.dk\/index.php?rest_route=\/wp\/v2\/users\/3"}],"replies":[{"embeddable":true,"href":"https:\/\/www.vinterhistorie.dk\/index.php?rest_route=%2Fwp%2Fv2%2Fcomments&post=727"}],"version-history":[{"count":15,"href":"https:\/\/www.vinterhistorie.dk\/index.php?rest_route=\/wp\/v2\/pages\/727\/revisions"}],"predecessor-version":[{"id":1207,"href":"https:\/\/www.vinterhistorie.dk\/index.php?rest_route=\/wp\/v2\/pages\/727\/revisions\/1207"}],"up":[{"embeddable":true,"href":"https:\/\/www.vinterhistorie.dk\/index.php?rest_route=\/wp\/v2\/pages\/534"}],"wp:attachment":[{"href":"https:\/\/www.vinterhistorie.dk\/index.php?rest_route=%2Fwp%2Fv2%2Fmedia&parent=727"}],"curies":[{"name":"wp","href":"https:\/\/api.w.org\/{rel}","templated":true}]}}