{"id":608,"date":"2012-08-03T10:05:23","date_gmt":"2012-08-03T10:05:23","guid":{"rendered":"http:\/\/www.vinterhistorie.dk\/?page_id=608"},"modified":"2019-10-05T13:01:52","modified_gmt":"2019-10-05T13:01:52","slug":"nyttige-links","status":"publish","type":"page","link":"https:\/\/www.vinterhistorie.dk\/?page_id=608","title":{"rendered":"Nyttige links"},"content":{"rendered":"<p>Der findes et utal af sider p\u00e5 nettet med nyttige oplysninger om den store historie &#8211; de store begivenheder &#8211; og den personlige, lokale historie. Vi har valgt at liste nogle centrale sider op, for at lette den umiddelbare tilgang til nettets informationsm\u00e6ngde.<\/p>\n<table border=\"0\">\n<tbody>\n<tr>\n<td>\n<h2>Link<\/h2>\n<\/td>\n<td>\n<h2>Bem\u00e6rkninger \/ sidens hovedindhold<\/h2>\n<\/td>\n<\/tr>\n<tr>\n<td><a href=\"http:\/\/www.sa.dk\/content\/dk\" target=\"_blank\">Statens Arkiver<\/a><\/td>\n<td>\n<div id=\"DaisyLinkBox2\">Statens arkiver er efter bestemte regler tilg\u00e6ngelig for alle. En del materiale er tilg\u00e6ngeligt p\u00e5 nette bl.a. er det muligt at se kirkeb\u00f8ger og folket\u00e6llinger i Arkivlieronline, s\u00f8ge personer i Dansk Demografisk Database, samt s\u00f8ge forskningsdaga i DDA&#8217;s s\u00f8gekatalog.<\/div>\n<\/td>\n<\/tr>\n<tr>\n<td><\/td>\n<td><\/td>\n<\/tr>\n<tr>\n<td><a href=\"http:\/\/www.kms.dk\/Sepaakort\/\" target=\"_blank\">Kort og Matrikelstyrelsen &#8211; se p\u00e5 kort<\/a><\/td>\n<td>\n<div>\n<div id=\"Body\">\n<p>P\u00e5 KMS&#8217; online tjenester kan du se b\u00e5de de nyeste kort og fotos over Danmark og nogle af de \u00e6ldste i deres arkiver. De \u00e6ldste kort g\u00e5r tilbage til 1800 tallet. Her kan fortid og nutid sammenlignes, ligesom gamle matrikelkort kan studeres.<\/p>\n<\/div>\n<\/div>\n<\/td>\n<\/tr>\n<tr>\n<td><a href=\"http:\/\/arealinformation.miljoeportal.dk\/distribution\/\">Danmarks Milj\u00f8portal<\/a><\/td>\n<td>\n<div>\n<div>\n<p>Her kan du se luftfotos &#8211; fra 1945, 1954, 1995 og frem af hele Danmark samt en lang r\u00e6kke temainformationer<\/p>\n<\/div>\n<\/div>\n<\/td>\n<\/tr>\n<tr>\n<td><a href=\"http:\/\/www.koengmuseum.dk\/\" target=\"_blank\">K\u00f8ng Museum<\/a><\/td>\n<td>\n<div>\n<div>\n<p>Foreningens samarbejdspartner.<\/p>\n<\/div>\n<\/div>\n<\/td>\n<\/tr>\n<tr>\n<td><a href=\"http:\/\/museerne.dk\/\" target=\"_blank\">Museerne Vordingborg<\/a><\/td>\n<td>Museerne Vordingborg er det statsanerkendte museum i Vordingborg Kommune. Museerne Vordingborg har det ark\u00e6ologiske ansvar for Stevns og Faxe kommuner samt tilsynet med fredede fortidsminder i det tidligere Storstr\u00f8ms Amt.<\/td>\n<\/tr>\n<tr>\n<td><a href=\"http:\/\/www.kulturarv.dk\/fundogfortidsminder\/\" target=\"_blank\">Fund og fortidsminder<\/a><\/td>\n<td><span>Fund og fortidsminder er et nationalt register over fortidsminder, og steder, hvor museerne har gjort ark\u00e6ologiske fund. Registret indeholder b\u00e5de fortidsminder, som er synlige i landskabet, og fortidsminder, der ligger skjult under jorden, og kun er kendt fra ark\u00e6ologiske unders\u00f8gelser. Hvem ved, m\u00e5ske findes der fund fra oldtiden lige under dit hus? <\/span><\/td>\n<\/tr>\n<tr>\n<td><\/td>\n<td><\/td>\n<\/tr>\n<tr>\n<td><a href=\"http:\/\/norges-linforening.no\/\" target=\"_blank\">Norges Linforening<\/a><\/td>\n<td><span>Forening i Norge, der besk\u00e6ftiger sig med h\u00f8rrens vej fra str\u00e5 til linned.<\/span><\/td>\n<\/tr>\n<\/tbody>\n<\/table>\n","protected":false},"excerpt":{"rendered":"<p>Der findes et utal af sider p\u00e5 nettet med nyttige oplysninger om den store historie &#8211; de store begivenheder &#8211; og den personlige, lokale historie. Vi har valgt at liste nogle centrale sider op, for [&hellip;]<\/p>\n","protected":false},"author":2,"featured_media":0,"parent":34,"menu_order":100,"comment_status":"open","ping_status":"open","template":"","meta":{"footnotes":""},"class_list":["post-608","page","type-page","status-publish","hentry"],"_links":{"self":[{"href":"https:\/\/www.vinterhistorie.dk\/index.php?rest_route=\/wp\/v2\/pages\/608","targetHints":{"allow":["GET"]}}],"collection":[{"href":"https:\/\/www.vinterhistorie.dk\/index.php?rest_route=\/wp\/v2\/pages"}],"about":[{"href":"https:\/\/www.vinterhistorie.dk\/index.php?rest_route=\/wp\/v2\/types\/page"}],"author":[{"embeddable":true,"href":"https:\/\/www.vinterhistorie.dk\/index.php?rest_route=\/wp\/v2\/users\/2"}],"replies":[{"embeddable":true,"href":"https:\/\/www.vinterhistorie.dk\/index.php?rest_route=%2Fwp%2Fv2%2Fcomments&post=608"}],"version-history":[{"count":12,"href":"https:\/\/www.vinterhistorie.dk\/index.php?rest_route=\/wp\/v2\/pages\/608\/revisions"}],"predecessor-version":[{"id":1189,"href":"https:\/\/www.vinterhistorie.dk\/index.php?rest_route=\/wp\/v2\/pages\/608\/revisions\/1189"}],"up":[{"embeddable":true,"href":"https:\/\/www.vinterhistorie.dk\/index.php?rest_route=\/wp\/v2\/pages\/34"}],"wp:attachment":[{"href":"https:\/\/www.vinterhistorie.dk\/index.php?rest_route=%2Fwp%2Fv2%2Fmedia&parent=608"}],"curies":[{"name":"wp","href":"https:\/\/api.w.org\/{rel}","templated":true}]}}