{"id":575,"date":"2012-07-11T08:19:47","date_gmt":"2012-07-11T08:19:47","guid":{"rendered":"http:\/\/www.vinterhistorie.dk\/?page_id=575"},"modified":"2012-07-11T08:19:47","modified_gmt":"2012-07-11T08:19:47","slug":"nyrad-andelsmejeri","status":"publish","type":"page","link":"https:\/\/www.vinterhistorie.dk\/?page_id=575","title":{"rendered":"Nyr\u00e5d Andelsmejeri"},"content":{"rendered":"<p>Baggrunden for andelsbev\u00e6gelsen og etableringen af andelsmejeriet i Nyr\u00e5d var anden del af foredragsaftenen mandag, den 25.februar 2008 \u2013 se diasshowet om den f\u00f8rste formand <a href=\"http:\/\/www.vinterhistorie.dk\/wp-content\/uploads\/2012\/07\/Andelsbev\u00e6gelsen-Peter-Apel.pdf\">Andelsbev\u00e6gelsen Peter Apel<\/a><\/p>\n","protected":false},"excerpt":{"rendered":"<p>Baggrunden for andelsbev\u00e6gelsen og etableringen af andelsmejeriet i Nyr\u00e5d var anden del af foredragsaftenen mandag, den 25.februar 2008 \u2013 se diasshowet om den f\u00f8rste formand Andelsbev\u00e6gelsen Peter Apel<\/p>\n","protected":false},"author":2,"featured_media":0,"parent":568,"menu_order":2,"comment_status":"open","ping_status":"open","template":"","meta":{"footnotes":""},"class_list":["post-575","page","type-page","status-publish","hentry"],"_links":{"self":[{"href":"https:\/\/www.vinterhistorie.dk\/index.php?rest_route=\/wp\/v2\/pages\/575","targetHints":{"allow":["GET"]}}],"collection":[{"href":"https:\/\/www.vinterhistorie.dk\/index.php?rest_route=\/wp\/v2\/pages"}],"about":[{"href":"https:\/\/www.vinterhistorie.dk\/index.php?rest_route=\/wp\/v2\/types\/page"}],"author":[{"embeddable":true,"href":"https:\/\/www.vinterhistorie.dk\/index.php?rest_route=\/wp\/v2\/users\/2"}],"replies":[{"embeddable":true,"href":"https:\/\/www.vinterhistorie.dk\/index.php?rest_route=%2Fwp%2Fv2%2Fcomments&post=575"}],"version-history":[{"count":2,"href":"https:\/\/www.vinterhistorie.dk\/index.php?rest_route=\/wp\/v2\/pages\/575\/revisions"}],"predecessor-version":[{"id":578,"href":"https:\/\/www.vinterhistorie.dk\/index.php?rest_route=\/wp\/v2\/pages\/575\/revisions\/578"}],"up":[{"embeddable":true,"href":"https:\/\/www.vinterhistorie.dk\/index.php?rest_route=\/wp\/v2\/pages\/568"}],"wp:attachment":[{"href":"https:\/\/www.vinterhistorie.dk\/index.php?rest_route=%2Fwp%2Fv2%2Fmedia&parent=575"}],"curies":[{"name":"wp","href":"https:\/\/api.w.org\/{rel}","templated":true}]}}