{"id":568,"date":"2012-07-11T08:14:06","date_gmt":"2012-07-11T08:14:06","guid":{"rendered":"http:\/\/www.vinterhistorie.dk\/?page_id=568"},"modified":"2012-07-11T09:29:29","modified_gmt":"2012-07-11T09:29:29","slug":"andelsbevaegelsen","status":"publish","type":"page","link":"https:\/\/www.vinterhistorie.dk\/?page_id=568","title":{"rendered":"Andelsbev\u00e6gelsen"},"content":{"rendered":"<p>I Nyr\u00e5d, Vintersb\u00f8lle og Bakkeb\u00f8lle slog andelsbev\u00e6gelsen rod p\u00e5 flere m\u00e5der. I dag er Dagli&#8217;Brugsen den sidste bastion, men tidligere fandtes s\u00e5vel et andelsmejeri som et andelselv\u00e6rk. Ikke alle historier er i dag afd\u00e6kket, vi venter stadig sp\u00e6ndt p\u00e5 at nogen tager fat i disse historier og begynder med andelsmejeriet, som desuden er beskrevet i vores bog <a title=\"B\u00f8ger\" href=\"http:\/\/www.vinterhistorie.dk\/?page_id=52\">Fort\u00e6llinger fra Vintersb\u00f8lle<\/a>.<\/p>\n","protected":false},"excerpt":{"rendered":"<p>I Nyr\u00e5d, Vintersb\u00f8lle og Bakkeb\u00f8lle slog andelsbev\u00e6gelsen rod p\u00e5 flere m\u00e5der. I dag er Dagli&#8217;Brugsen den sidste bastion, men tidligere fandtes s\u00e5vel et andelsmejeri som et andelselv\u00e6rk. Ikke alle historier er i dag afd\u00e6kket, vi [&hellip;]<\/p>\n","protected":false},"author":2,"featured_media":0,"parent":36,"menu_order":1,"comment_status":"open","ping_status":"open","template":"","meta":{"footnotes":""},"class_list":["post-568","page","type-page","status-publish","hentry"],"_links":{"self":[{"href":"https:\/\/www.vinterhistorie.dk\/index.php?rest_route=\/wp\/v2\/pages\/568","targetHints":{"allow":["GET"]}}],"collection":[{"href":"https:\/\/www.vinterhistorie.dk\/index.php?rest_route=\/wp\/v2\/pages"}],"about":[{"href":"https:\/\/www.vinterhistorie.dk\/index.php?rest_route=\/wp\/v2\/types\/page"}],"author":[{"embeddable":true,"href":"https:\/\/www.vinterhistorie.dk\/index.php?rest_route=\/wp\/v2\/users\/2"}],"replies":[{"embeddable":true,"href":"https:\/\/www.vinterhistorie.dk\/index.php?rest_route=%2Fwp%2Fv2%2Fcomments&post=568"}],"version-history":[{"count":3,"href":"https:\/\/www.vinterhistorie.dk\/index.php?rest_route=\/wp\/v2\/pages\/568\/revisions"}],"predecessor-version":[{"id":594,"href":"https:\/\/www.vinterhistorie.dk\/index.php?rest_route=\/wp\/v2\/pages\/568\/revisions\/594"}],"up":[{"embeddable":true,"href":"https:\/\/www.vinterhistorie.dk\/index.php?rest_route=\/wp\/v2\/pages\/36"}],"wp:attachment":[{"href":"https:\/\/www.vinterhistorie.dk\/index.php?rest_route=%2Fwp%2Fv2%2Fmedia&parent=568"}],"curies":[{"name":"wp","href":"https:\/\/api.w.org\/{rel}","templated":true}]}}