{"id":539,"date":"2012-07-11T07:18:52","date_gmt":"2012-07-11T07:18:52","guid":{"rendered":"http:\/\/www.vinterhistorie.dk\/?page_id=539"},"modified":"2012-07-11T07:18:52","modified_gmt":"2012-07-11T07:18:52","slug":"kristian-nielsen-1881-1966","status":"publish","type":"page","link":"https:\/\/www.vinterhistorie.dk\/?page_id=539","title":{"rendered":"Kristian Nielsen 1881-1966"},"content":{"rendered":"<p>Her bringes et uddrag af Kristian Nielsens erindringer.<\/p>\n<p>Vil du l\u00e6se mere &#8230;..<a href=\"http:\/\/www.vinterhistorie.dk\/wp-content\/uploads\/2012\/07\/Kristian-Nielsens-erindringer-Kohave-95-1881-1953.pdf\">Kristian Nielsens erindringer Kohave 95 1881-1953<\/a><\/p>\n<p>&nbsp;<\/p>\n<h1>Kristian Nielsens Erindringer<\/h1>\n<h2>Kapitel 1 \u2013 Barndommen<\/h2>\n<p>F\u00f8dt 21\/12 1881 om Natten, det var det f\u00f8rste Uheld jeg havde for min Mor havde lavet Kagedejen til og skulde lave Julekager, hvorfor Far maatte i Byen og faa bagt Julekagerne.<br \/>\nJeg mener at jeg klarede mig godt, men husker ellers kun enkelte som er mig fortalt f.Eks. at da jeg blev d\u00f8bt var jeg den f\u00f8rste som min senere Skolel\u00e6rer var med at faa d\u00f8bt i Kallehave Kirke. Da jeg var bleven saa stor at jeg kunde trave lidt rundt er mig fortalt at Morfar var ude hos os, saa havde han kasseret en gammel Skraa den var kommet under Bordet,<br \/>\njeg kravlede uden Bordet fandt Skraaen og fik den i Munden, men var ikke Tilfreds med Smagen og gav mig til at vr\u00e6le og det varede lidt inden Mor opdagede Aarsagen og fik mig renset, og skyllet smagen af Munden. &#8230;.<\/p>\n","protected":false},"excerpt":{"rendered":"<p>Her bringes et uddrag af Kristian Nielsens erindringer. Vil du l\u00e6se mere &#8230;..Kristian Nielsens erindringer Kohave 95 1881-1953 &nbsp; Kristian Nielsens Erindringer Kapitel 1 \u2013 Barndommen F\u00f8dt 21\/12 1881 om Natten, det var det f\u00f8rste [&hellip;]<\/p>\n","protected":false},"author":2,"featured_media":0,"parent":534,"menu_order":0,"comment_status":"open","ping_status":"open","template":"","meta":{"footnotes":""},"class_list":["post-539","page","type-page","status-publish","hentry"],"_links":{"self":[{"href":"https:\/\/www.vinterhistorie.dk\/index.php?rest_route=\/wp\/v2\/pages\/539","targetHints":{"allow":["GET"]}}],"collection":[{"href":"https:\/\/www.vinterhistorie.dk\/index.php?rest_route=\/wp\/v2\/pages"}],"about":[{"href":"https:\/\/www.vinterhistorie.dk\/index.php?rest_route=\/wp\/v2\/types\/page"}],"author":[{"embeddable":true,"href":"https:\/\/www.vinterhistorie.dk\/index.php?rest_route=\/wp\/v2\/users\/2"}],"replies":[{"embeddable":true,"href":"https:\/\/www.vinterhistorie.dk\/index.php?rest_route=%2Fwp%2Fv2%2Fcomments&post=539"}],"version-history":[{"count":9,"href":"https:\/\/www.vinterhistorie.dk\/index.php?rest_route=\/wp\/v2\/pages\/539\/revisions"}],"predecessor-version":[{"id":553,"href":"https:\/\/www.vinterhistorie.dk\/index.php?rest_route=\/wp\/v2\/pages\/539\/revisions\/553"}],"up":[{"embeddable":true,"href":"https:\/\/www.vinterhistorie.dk\/index.php?rest_route=\/wp\/v2\/pages\/534"}],"wp:attachment":[{"href":"https:\/\/www.vinterhistorie.dk\/index.php?rest_route=%2Fwp%2Fv2%2Fmedia&parent=539"}],"curies":[{"name":"wp","href":"https:\/\/api.w.org\/{rel}","templated":true}]}}