{"id":534,"date":"2012-07-11T07:04:49","date_gmt":"2012-07-11T07:04:49","guid":{"rendered":"http:\/\/www.vinterhistorie.dk\/?page_id=534"},"modified":"2012-07-11T09:34:08","modified_gmt":"2012-07-11T09:34:08","slug":"personlige-erindringer","status":"publish","type":"page","link":"https:\/\/www.vinterhistorie.dk\/?page_id=534","title":{"rendered":"Personlige erindringer"},"content":{"rendered":"<p>Vi har i tidens l\u00f8b haft mennesker, der har overdraget deres personlige fort\u00e6llinger om livet i og omkring Nyr\u00e5d. Disse fort\u00e6llinger vil vi hermed g\u00f8re tilg\u00e6ngelige.<\/p>\n","protected":false},"excerpt":{"rendered":"<p>Vi har i tidens l\u00f8b haft mennesker, der har overdraget deres personlige fort\u00e6llinger om livet i og omkring Nyr\u00e5d. Disse fort\u00e6llinger vil vi hermed g\u00f8re tilg\u00e6ngelige.<\/p>\n","protected":false},"author":2,"featured_media":538,"parent":36,"menu_order":10,"comment_status":"open","ping_status":"closed","template":"","meta":{"footnotes":""},"class_list":["post-534","page","type-page","status-publish","has-post-thumbnail","hentry"],"_links":{"self":[{"href":"https:\/\/www.vinterhistorie.dk\/index.php?rest_route=\/wp\/v2\/pages\/534","targetHints":{"allow":["GET"]}}],"collection":[{"href":"https:\/\/www.vinterhistorie.dk\/index.php?rest_route=\/wp\/v2\/pages"}],"about":[{"href":"https:\/\/www.vinterhistorie.dk\/index.php?rest_route=\/wp\/v2\/types\/page"}],"author":[{"embeddable":true,"href":"https:\/\/www.vinterhistorie.dk\/index.php?rest_route=\/wp\/v2\/users\/2"}],"replies":[{"embeddable":true,"href":"https:\/\/www.vinterhistorie.dk\/index.php?rest_route=%2Fwp%2Fv2%2Fcomments&post=534"}],"version-history":[{"count":6,"href":"https:\/\/www.vinterhistorie.dk\/index.php?rest_route=\/wp\/v2\/pages\/534\/revisions"}],"predecessor-version":[{"id":601,"href":"https:\/\/www.vinterhistorie.dk\/index.php?rest_route=\/wp\/v2\/pages\/534\/revisions\/601"}],"up":[{"embeddable":true,"href":"https:\/\/www.vinterhistorie.dk\/index.php?rest_route=\/wp\/v2\/pages\/36"}],"wp:featuredmedia":[{"embeddable":true,"href":"https:\/\/www.vinterhistorie.dk\/index.php?rest_route=\/wp\/v2\/media\/538"}],"wp:attachment":[{"href":"https:\/\/www.vinterhistorie.dk\/index.php?rest_route=%2Fwp%2Fv2%2Fmedia&parent=534"}],"curies":[{"name":"wp","href":"https:\/\/api.w.org\/{rel}","templated":true}]}}