{"id":485,"date":"2012-06-25T15:56:11","date_gmt":"2012-06-25T15:56:11","guid":{"rendered":"http:\/\/www.vinterhistorie.dk\/?page_id=485"},"modified":"2012-06-25T16:03:52","modified_gmt":"2012-06-25T16:03:52","slug":"vintersbolle-skole-en-overbygningsskole-i-forstaden","status":"publish","type":"page","link":"https:\/\/www.vinterhistorie.dk\/?page_id=485","title":{"rendered":"Vintersb\u00f8lle Skole &#8211; en skole i forstaden"},"content":{"rendered":"<h3>Vintersb\u00f8lle skole \u2013 en overbygningsskole i forstaden<\/h3>\n<p>At skolen var et sted for traditioner og nyskabelser viste 4. maj 1957. Denne eftermiddag og aften og de mange efterf\u00f8lgende \u00e5r mindedes man befrielsen ved en for\u00e5rs- og lysfest. Skolen blev centrum for en gymnastikopvisning, og der blev efterf\u00f8lgende t\u00e6ndt lys i alle skolens vinduer. Et lys for hver elev p\u00e5 skolen. Af omtalerne fra disse lysfester kan vi se, at skolen i 1950-erne og \u201960-erne havde 130-150 elever.<\/p>\n<p>Fra 1960 blev skolestrukturdebatter en tilbagevendende begivenhed. I 1959 indgik det i forslaget at b\u00f8rnene fra Vintersb\u00f8lle skole efter fjerde klasse skulle til skolerne i Vordingborg. Heldigvis blev dette ikke tilf\u00e6ldet, da det tv\u00e6rtimod viste sig, at der var elevgrundlag til en et-sporet skole til 9. klasse med en s\u00e6rklasse. Dette skyldtes bl.a. udbygningen af Nyr\u00e5d og Sandbergvej.<\/p>\n<p>Lokaleforholdene blev i disse \u00e5r beskrevet som s\u00e5 ringe, at gymnastiksalen anvendtes til musik, almindeligt klasselokale, samt til l\u00e6gev\u00e6relse. Skoletandl\u00e6gen var henvist til sl\u00f8jdlokalet. Skolens l\u00e6rerv\u00e6relse var inddraget til undervisning, s\u00e5 l\u00e6rerne lavede kaffe p\u00e5 gangen. Da der ikke var skolek\u00f8kken brugtes skoleinspekt\u00f8rens k\u00f8kken, n\u00e5r der skulle serveres ved skolefester, for\u00e6ldrem\u00f8der mm. Skolens kontor og telefon var ogs\u00e5 at finde i skoleinspekt\u00f8rens privatbolig. Idr\u00e6tspladsen kunne kun bruges til rundbold og langbold, men ikke til fodbold.<\/p>\n<p>Det lykkedes i 1965\/66 at f\u00e5 bygget to pavilloner, s\u00e5 skolens akutte lokalemangel blev l\u00f8st. Hermed blev der plads til det stigende elevtal i indskolingen og til 8. og 9. klasse. 8. og 9. klasse var p\u00e5 det tidspunkt frivillige, da undervisningspligten kun var 7 \u00e5r. Eleverne skulle komme fra s\u00e5vel \u00d8rslev som \u00d8ster Egesborg. Udvidelsen ville betyde en \u00f8gning af elevtallet fra 140 elever til knap 200.<\/p>\n<p>Pavillonerne indeholdt klasselokaler, et faglokale til geografi, historie og biologi og et til formning og sang. Herudover skulle der v\u00e6re et lokale til s\u00e6rundervisning og et elevv\u00e6relse. Alle lokaler blev indrettet med grupperum.<\/p>\n<p>Ogs\u00e5 p\u00e6dagogisk udviklede skolen sig \u2013 der etableredes fors\u00f8g med for\u00e6ldrekonferencer, eleverne fik indflydelse p\u00e5 morgensangen, der blev en ugentlig begivenhed og ikke en daglig, ligesom eleverne overtog juletalen. I 1969 fors\u00f8gtes med engelsk fra 2. klasse. For\u00e6ldre til kommende 1. klasse inviteredes til f\u00f8rskolestartaften i majm\u00e5ned med stor succes.<\/p>\n<p>I begyndelsen af 1970\u2019erne var Iselingeskolen ved at blive bygget. En ny folkeskolelov udvidede undervisningspligten til 9 \u00e5r og realafdelingen blev erstattet af kursusdeling. Strukturdebatten kogte, Stender k\u00e6mpede for, at der skulle v\u00e6re et 11-\u00e5rigt skoleforl\u00f8b \u2013 fra b\u00f8rnehaveklassen til og med 10. klasse. Det virker som om skolen\u00e6vnet accepterede beslutningen om, at Vintersb\u00f8lle skole fremover skulle v\u00e6re fra 1. til 6. klasse, idet man hellere ville have renoveret og ombygget skolen, s\u00e5 den kunne leve op til den moderne skole. P\u00e5 lang sigt \u00f8nskede skolen\u00e6vnet selvf\u00f8lgelig, at Vintersb\u00f8lle skole m\u00e5tte v\u00e6re en skole med overbygning. I december skrev for\u00e6ldrene et \u00e5bent brev til byr\u00e5det og anmodede om at skolestrukturen for Vintersb\u00f8lle skole blev genoptaget, men det var besluttet at eleverne fra Vintersb\u00f8lle skulle til Iselingeskolen. I 1977 \u00e6ndredes beslutningen, idet Marienberg skole i et sidste \u00f8jebliks kompromis beholdt sin overbygning. Elever fra Vintersb\u00f8lle skulle derfor til Marienberg skole i stedet.<\/p>\n<h3><a href=\"http:\/\/www.vinterhistorie.dk\/wp-content\/uploads\/2012\/06\/1966-09-13-skolepavillon-bygges_1024x7011.jpg\"><img loading=\"lazy\" decoding=\"async\" title=\"1966-09-13 skolepavillon bygges_1024x701\" src=\"http:\/\/www.vinterhistorie.dk\/wp-content\/uploads\/2012\/06\/1966-09-13-skolepavillon-bygges_1024x7011-300x205.jpg\" alt=\"\" width=\"300\" height=\"205\" \/><\/a><\/h3>\n","protected":false},"excerpt":{"rendered":"<p>Vintersb\u00f8lle skole \u2013 en overbygningsskole i forstaden At skolen var et sted for traditioner og nyskabelser viste 4. maj 1957. Denne eftermiddag og aften og de mange efterf\u00f8lgende \u00e5r mindedes man befrielsen ved en for\u00e5rs- [&hellip;]<\/p>\n","protected":false},"author":2,"featured_media":0,"parent":368,"menu_order":4,"comment_status":"open","ping_status":"closed","template":"","meta":{"footnotes":""},"class_list":["post-485","page","type-page","status-publish","hentry"],"_links":{"self":[{"href":"https:\/\/www.vinterhistorie.dk\/index.php?rest_route=\/wp\/v2\/pages\/485","targetHints":{"allow":["GET"]}}],"collection":[{"href":"https:\/\/www.vinterhistorie.dk\/index.php?rest_route=\/wp\/v2\/pages"}],"about":[{"href":"https:\/\/www.vinterhistorie.dk\/index.php?rest_route=\/wp\/v2\/types\/page"}],"author":[{"embeddable":true,"href":"https:\/\/www.vinterhistorie.dk\/index.php?rest_route=\/wp\/v2\/users\/2"}],"replies":[{"embeddable":true,"href":"https:\/\/www.vinterhistorie.dk\/index.php?rest_route=%2Fwp%2Fv2%2Fcomments&post=485"}],"version-history":[{"count":5,"href":"https:\/\/www.vinterhistorie.dk\/index.php?rest_route=\/wp\/v2\/pages\/485\/revisions"}],"predecessor-version":[{"id":506,"href":"https:\/\/www.vinterhistorie.dk\/index.php?rest_route=\/wp\/v2\/pages\/485\/revisions\/506"}],"up":[{"embeddable":true,"href":"https:\/\/www.vinterhistorie.dk\/index.php?rest_route=\/wp\/v2\/pages\/368"}],"wp:attachment":[{"href":"https:\/\/www.vinterhistorie.dk\/index.php?rest_route=%2Fwp%2Fv2%2Fmedia&parent=485"}],"curies":[{"name":"wp","href":"https:\/\/api.w.org\/{rel}","templated":true}]}}