{"id":453,"date":"2012-06-24T15:03:56","date_gmt":"2012-06-24T15:03:56","guid":{"rendered":"http:\/\/www.vinterhistorie.dk\/?page_id=453"},"modified":"2012-06-25T15:58:54","modified_gmt":"2012-06-25T15:58:54","slug":"folkeskolens-historie","status":"publish","type":"page","link":"https:\/\/www.vinterhistorie.dk\/?page_id=453","title":{"rendered":"Folkeskolens historie"},"content":{"rendered":"<p>I forbindelse med Vintersb\u00f8lle Skoles 100\u00e5rs jubil\u00e6um holdt Inga Halldorsdottir foredrag om skolehistorie &#8211; det anvendte diasshow l\u00e6gges hermed ud til f\u00e6lles brug.<\/p>\n<p><a href=\"http:\/\/www.vinterhistorie.dk\/wp-content\/uploads\/2012\/06\/Skolehistorie.pdf\">Skolehistorie<\/a><\/p>\n","protected":false},"excerpt":{"rendered":"<p>I forbindelse med Vintersb\u00f8lle Skoles 100\u00e5rs jubil\u00e6um holdt Inga Halldorsdottir foredrag om skolehistorie &#8211; det anvendte diasshow l\u00e6gges hermed ud til f\u00e6lles brug. Skolehistorie<\/p>\n","protected":false},"author":2,"featured_media":0,"parent":368,"menu_order":1,"comment_status":"open","ping_status":"closed","template":"","meta":{"footnotes":""},"class_list":["post-453","page","type-page","status-publish","hentry"],"_links":{"self":[{"href":"https:\/\/www.vinterhistorie.dk\/index.php?rest_route=\/wp\/v2\/pages\/453","targetHints":{"allow":["GET"]}}],"collection":[{"href":"https:\/\/www.vinterhistorie.dk\/index.php?rest_route=\/wp\/v2\/pages"}],"about":[{"href":"https:\/\/www.vinterhistorie.dk\/index.php?rest_route=\/wp\/v2\/types\/page"}],"author":[{"embeddable":true,"href":"https:\/\/www.vinterhistorie.dk\/index.php?rest_route=\/wp\/v2\/users\/2"}],"replies":[{"embeddable":true,"href":"https:\/\/www.vinterhistorie.dk\/index.php?rest_route=%2Fwp%2Fv2%2Fcomments&post=453"}],"version-history":[{"count":6,"href":"https:\/\/www.vinterhistorie.dk\/index.php?rest_route=\/wp\/v2\/pages\/453\/revisions"}],"predecessor-version":[{"id":494,"href":"https:\/\/www.vinterhistorie.dk\/index.php?rest_route=\/wp\/v2\/pages\/453\/revisions\/494"}],"up":[{"embeddable":true,"href":"https:\/\/www.vinterhistorie.dk\/index.php?rest_route=\/wp\/v2\/pages\/368"}],"wp:attachment":[{"href":"https:\/\/www.vinterhistorie.dk\/index.php?rest_route=%2Fwp%2Fv2%2Fmedia&parent=453"}],"curies":[{"name":"wp","href":"https:\/\/api.w.org\/{rel}","templated":true}]}}