{"id":451,"date":"2012-06-24T14:55:14","date_gmt":"2012-06-24T14:55:14","guid":{"rendered":"http:\/\/www.vinterhistorie.dk\/?page_id=451"},"modified":"2012-06-25T16:02:33","modified_gmt":"2012-06-25T16:02:33","slug":"vintersbolle-skole-i-100-ar","status":"publish","type":"page","link":"https:\/\/www.vinterhistorie.dk\/?page_id=451","title":{"rendered":"Vintersb\u00f8lle Skole &#8211; en landsbyskole"},"content":{"rendered":"<h3>Vintersb\u00f8lle skole \u2013 en landsbyskole<\/h3>\n<p>Den s\u00e6rlige k\u00f8bstadsordning, hvor halvdelen af Nyr\u00e5d indgik i Vordingborg K\u00f8bstad, bet\u00f8d, at en del af Nyr\u00e5ds b\u00f8rn egentlig skulle til Vordingborg for at g\u00e5 i skole, mens resten skulle g\u00e5 i landsbyskolen i Nyr\u00e5d. Dette blev dog i en \u00e5rr\u00e6kke klaret i mindelighed i et skolef\u00e6llesskab mellem landsognet (omfattende bl.a. Masnedsund, Marienberg, Nyr\u00e5d, Vintersb\u00f8lle og Bakkeb\u00f8lle) og k\u00f8bstadskommunen. Efter skoleloven af 1899 steg kravene til skolernes indretning og fagudbud, og der blev v\u00e6sentlig forskel p\u00e5 en landsbyordnet skole og en k\u00f8bstadsordnet skole. Skolef\u00e6llesskabets aftale \u00e6ndredes endvidere med det stigende b\u00f8rnetal i landsognet, s\u00e5 sognet i perioden 1900-1910 skulle betale kr. 1200 \u00e5rligt.<\/p>\n<p>I 1908 kom endnu en \u00e6ndring af skoleloven, der yderligere uddybede forskellen mellem landsbyskolen og k\u00f8bstadsskolen. Disse \u00f8gede krav samtidig med et st\u00e6rkt stigende b\u00f8rnetal i landsognet medf\u00f8rte opsigelse af skolef\u00e6llesskabet. Landsognet var af den opfattelse at for de 35 kr. pr. barn, de skulle betale til Vordingborgs k\u00f8bstadsskoler, ville de kunne etablere et ganske fint landsbyordnet skolev\u00e6sen selv. I 1909 vedtog sogner\u00e5det s\u00e5ledes oprettelsen af Vintersb\u00f8lle skole, idet de to nuv\u00e6rende skoler i Bakkeb\u00f8lle og Nyr\u00e5d skulle omdannes til pogeskoler \u2013 dvs. forskoler for 1.-3.klasse. B\u00f8rnene, der boede p\u00e5 k\u00f8bstadssiden af Nyr\u00e5d, kunne stadig g\u00e5 i landssognets skoler.<\/p>\n<p>Ved byggeriet af Vintersb\u00f8lle skole kunne man fuldt ud leve op til alle krav til en moderne skole. Selve skolebygningen havde 2 klasselokaler og 2 mindre opholdsrum. De kunne let sl\u00e5s sammen til et tredje klasselokale. Klassev\u00e6relsernes gulv var af pitchpinebr\u00e6dder. Gangene var belagt med hollandske fliser. V\u00e6ggene var cementpudsede og malet med terracottafarve. Skolen havde endvidere gymnastiksal og l\u00e6rerboliger.<\/p>\n<p>Vintersb\u00f8lle skole blev f\u00e6rdig til indvielse 4. april 1911. Der blev holdt taler \u2013 sogner\u00e5dsformanden, provsten og til sidst f\u00f8rstel\u00e6reren &#8211; og der blev sunget sange \u2013 fra den danske sangskat, men ogs\u00e5 af den hjemmelavede slags, som f\u00f8rstel\u00e6rer Andersen selv havde skrevet:<\/p>\n<p><em>S\u00e5 lad vort skolehus da hegnet v\u00e6re<a href=\"http:\/\/www.vinterhistorie.dk\/wp-content\/uploads\/2012\/06\/1915-Skolebygningen-mod-Bakkeb\u00f8llevej_1024x736.jpg\"><img loading=\"lazy\" decoding=\"async\" class=\"alignleft\" title=\"1915 Skolebygningen mod Bakkeb\u00f8llevej\" src=\"http:\/\/www.vinterhistorie.dk\/wp-content\/uploads\/2012\/06\/1915-Skolebygningen-mod-Bakkeb\u00f8llevej_1024x736-300x215.jpg\" alt=\"\" width=\"300\" height=\"215\" \/><\/a><br \/>\naf f\u00e6lles k\u00e6rlighed og f\u00e6lles tro<br \/>\nog <\/em><em>lad os altid hj\u00e6lpes ad at b\u00e6re<br \/>\ndet frem, s\u00e5 her en frodig v\u00e6kst kan gro:<br \/>\n<\/em><em>et b\u00f8rnekuld s\u00e5 frisk som v\u00e5rens vinde<\/em><em><br \/>\nen ungdom lys i sind og god og glad<br \/>\n<\/em><em>s\u00e5 skal det aldrig sp\u00f8rges nogen sinde<\/em><em><br \/>\nhos os, at hjem og skole skilles ad.<\/em><\/p>\n<p>Det var fremsynede folk \u2013 disse mennesker. Bevidste om skolens m\u00e5l. For\u00e6ldre, b\u00f8rn og unge var m\u00f8dt talst\u00e6rkt op. Skolen var tegnet og bygget af lokale folk og kostede den nette sum af kr. 31.000. Men visionerne om en skole, der byggede p\u00e5 tradition og fornyelse, p\u00e5 et godt tillidsfuldt samarbejde mellem skole og hjem, og at b\u00f8rnene vejledtes efter deres vejs beskaffenhed gennem samtale og anerkendelse \u2013 ja, det var hovedpunkterne i dagens taler.<\/p>\n<p>Skolen begyndte med 4.-6\/7.klasse \u2013 en landsbyordnet skole med to forskoler. P\u00e5 billedet fra 1919 kan vi t\u00e6lle ca. 85 b\u00f8rn og 3 voksne.<\/p>\n<h3><\/h3>\n","protected":false},"excerpt":{"rendered":"<p>Vintersb\u00f8lle skole \u2013 en landsbyskole Den s\u00e6rlige k\u00f8bstadsordning, hvor halvdelen af Nyr\u00e5d indgik i Vordingborg K\u00f8bstad, bet\u00f8d, at en del af Nyr\u00e5ds b\u00f8rn egentlig skulle til Vordingborg for at g\u00e5 i skole, mens resten skulle [&hellip;]<\/p>\n","protected":false},"author":2,"featured_media":0,"parent":368,"menu_order":2,"comment_status":"open","ping_status":"closed","template":"","meta":{"footnotes":""},"class_list":["post-451","page","type-page","status-publish","hentry"],"_links":{"self":[{"href":"https:\/\/www.vinterhistorie.dk\/index.php?rest_route=\/wp\/v2\/pages\/451","targetHints":{"allow":["GET"]}}],"collection":[{"href":"https:\/\/www.vinterhistorie.dk\/index.php?rest_route=\/wp\/v2\/pages"}],"about":[{"href":"https:\/\/www.vinterhistorie.dk\/index.php?rest_route=\/wp\/v2\/types\/page"}],"author":[{"embeddable":true,"href":"https:\/\/www.vinterhistorie.dk\/index.php?rest_route=\/wp\/v2\/users\/2"}],"replies":[{"embeddable":true,"href":"https:\/\/www.vinterhistorie.dk\/index.php?rest_route=%2Fwp%2Fv2%2Fcomments&post=451"}],"version-history":[{"count":14,"href":"https:\/\/www.vinterhistorie.dk\/index.php?rest_route=\/wp\/v2\/pages\/451\/revisions"}],"predecessor-version":[{"id":500,"href":"https:\/\/www.vinterhistorie.dk\/index.php?rest_route=\/wp\/v2\/pages\/451\/revisions\/500"}],"up":[{"embeddable":true,"href":"https:\/\/www.vinterhistorie.dk\/index.php?rest_route=\/wp\/v2\/pages\/368"}],"wp:attachment":[{"href":"https:\/\/www.vinterhistorie.dk\/index.php?rest_route=%2Fwp%2Fv2%2Fmedia&parent=451"}],"curies":[{"name":"wp","href":"https:\/\/api.w.org\/{rel}","templated":true}]}}