{"id":36,"date":"2012-06-11T21:06:16","date_gmt":"2012-06-11T21:06:16","guid":{"rendered":"http:\/\/localhost:8888\/vinterhistorie\/?page_id=36"},"modified":"2012-08-19T17:58:18","modified_gmt":"2012-08-19T17:58:18","slug":"historisk","status":"publish","type":"page","link":"https:\/\/www.vinterhistorie.dk\/?page_id=36","title":{"rendered":"Historisk"},"content":{"rendered":"<p>Lokalhistorisk Forenings form\u00e5l er at formidle Vintersb\u00f8lle og Nyr\u00e5ds historie. Dette vil vi bl.a. g\u00f8re gennem udgivelse af artikler, fotos, fort\u00e6llinger og meget mere.<\/p>\n<p>I Lokalhistorisk Forenings arkiv har vi oprettet en lang r\u00e6kke mapper med en hel del historisk materiale. Det vil v\u00e6re muligt for foreningens medlemmer at studere dette materiale efter aftale med bestyrelsen eller p\u00e5 en af kulturaftnerne, den sidste mandag i m\u00e5neden.<\/p>\n<p>Der findes flg. mapper<\/p>\n<table border=\"1\" cellspacing=\"0\" cellpadding=\"0\">\n<thead>\n<tr>\n<td valign=\"top\" width=\"163\">Emne<\/td>\n<td valign=\"top\" width=\"480\">Indhold<\/td>\n<\/tr>\n<\/thead>\n<tbody>\n<tr>\n<td valign=\"top\" width=\"163\">Kalvehavebanen<\/td>\n<td valign=\"top\" width=\"480\">\n<ul>\n<li>Kopi af bogen :<\/li>\n<\/ul>\n<p>Trafikken til M\u00f8n \u2013 Kalvehavebanen og andre forbindelser til M\u00f8n, af Jens Bruun-Petersen og Birger Wilcke, bane b\u00f8ger 1991<\/p>\n<ul>\n<li>\u00a0Fotos fra foredragsaften, 31.01.05, med Jens Bruun-Petersen<\/li>\n<li>\u00a0Fotos fra Kalvehavebanen gennem tiderne<\/li>\n<li>\u00a0Kort med banen indtegnet<\/li>\n<\/ul>\n<\/td>\n<\/tr>\n<tr>\n<td valign=\"top\" width=\"163\">Hulemoses\u00f8en, Hulemose M\u00f8lle og de andre vandm\u00f8ller<\/p>\n<p>&nbsp;<\/td>\n<td valign=\"top\" width=\"480\">\n<ul>\n<li>Maleri af Hulemose M\u00f8lle mm postkort<\/li>\n<li>\u00a0Hulemose Vandm\u00f8lle gennem 500 \u00e5r af J\u00f8rgen Theisen<\/li>\n<li>\u00a0Historien Hulemoses\u00f8en, udprint hjemmeside 18-08-2001<\/li>\n<li>\u00a0Avisartikler om Hulemoses\u00f8en og m\u00f8ller<\/li>\n<li>\u00a0Historien, Vintersb\u00f8lle skoven, udprint hjemmeside 30-01-2001<\/li>\n<li>\u00a0DIS-Danmark Internet forum, print<\/li>\n<li>\u00a0Avisnotits Theisens Papirm\u00f8lle br\u00e6ndt 11-04-2007<\/li>\n<\/ul>\n<\/td>\n<\/tr>\n<tr>\n<td valign=\"top\" width=\"163\">V\u00e6vning og Blegning<\/p>\n<p>&nbsp;<\/p>\n<p><strong>\u00a0<\/strong><\/td>\n<td valign=\"top\" width=\"480\">\n<ul>\n<li>Historien om en fabrik, Kronik af Per Ole Schovsbo<\/li>\n<li>H\u00f8rrens produktudvikling<\/li>\n<li>Brochure om blegning<\/li>\n<li>Orientering om Bev\u00e6rterhuset, sept. 2003, nov. 2002 Den f\u00f8rste Blegemester, aug 2002<\/li>\n<li>Kilder om h\u00f8r med fotos<\/li>\n<li>H\u00f8r<\/li>\n<li>Spinding, div. artikler<\/li>\n<li>T\u00f8jvask, div. artikler<\/li>\n<li>Christiansdal og T\u00f8rning, Et lokalhistorisk undervisningsmateriale<\/li>\n<li>Blegning, div. artikler<\/li>\n<li>Fotomat. Flax-museum, Belgien og postkort<\/li>\n<li>Kopi af Tysk bog om blegning mm.<\/li>\n<\/ul>\n<\/td>\n<\/tr>\n<tr>\n<td valign=\"top\" width=\"163\">Kortmateriale<\/p>\n<p>Kildemateriale<\/p>\n<p>Diverse materiale<\/p>\n<p>&nbsp;<\/p>\n<p><strong>\u00a0<\/strong><\/td>\n<td valign=\"top\" width=\"480\">\n<ul>\n<li>Kort af omr\u00e5det fra forskellige \u00e5rstal og udsnit<\/li>\n<li>Kildemateriale<\/li>\n<ul>\n<li>Belgien, af Vagn Heiselberg<\/li>\n<li>Fotos af h\u00f8r i Flandern<\/li>\n<li>Mads Lange til Bali, Aage Krarup Nielsen<\/li>\n<li>K\u00f8ng museer om h\u00f8r<\/li>\n<li>Noter til K\u00f8ng Fabriks historie<\/li>\n<li>Fotos og vise om barnemordet i Tvis<\/li>\n<li>Brev<\/li>\n<\/ul>\n<li>Avisartikel om Gisselfeldt<\/li>\n<li>Uddrag om Kulsbjerg<\/li>\n<\/ul>\n<\/td>\n<\/tr>\n<tr>\n<td valign=\"top\" width=\"163\">Nyr\u00e5d Bageri<\/p>\n<p>&nbsp;<\/p>\n<p><strong>\u00a0<\/strong><\/td>\n<td valign=\"top\" width=\"480\">\n<ul>\n<li>Bageriet i Nyraad Hovedgade af M\u00e6lke-Else<\/li>\n<li>Billedmateriale<\/li>\n<li>Fotos fra 26-01-2004, M\u00e6lke-Else fort\u00e6ller<\/li>\n<\/ul>\n<\/td>\n<\/tr>\n<tr>\n<td valign=\"top\" width=\"163\">Nyr\u00e5d M\u00f8lle<\/p>\n<p>&nbsp;<\/p>\n<p><strong>\u00a0<\/strong><\/td>\n<td valign=\"top\" width=\"480\">\n<ul>\n<li>Fra skrift af Verner Jensen 2003 om Nyr\u00e5d<\/li>\n<li>Artikler<\/li>\n<li>Artikel\u00a0 fra \u00c5rsskrift 2001<\/li>\n<li>Artikel i \u201dGuldg\u00e5sen\u201d nr. 3, aug.2004<\/li>\n<\/ul>\n<\/td>\n<\/tr>\n<tr>\n<td valign=\"top\" width=\"163\">Poul og Erhard Nielsen<\/td>\n<td valign=\"top\" width=\"480\">\n<ul>\n<li>Diverse korrespondance<\/li>\n<li>Digte og billeder<\/li>\n<\/ul>\n<\/td>\n<\/tr>\n<tr>\n<td valign=\"top\" width=\"163\">Fra Barndommens Land, P.F. Sandbert<\/td>\n<td valign=\"top\" width=\"480\">\n<ul>\n<li><\/li>\n<\/ul>\n<\/td>\n<\/tr>\n<tr>\n<td valign=\"top\" width=\"163\">Nyraad og omegns Andels-elektricitetsv\u00e6rk<\/td>\n<td valign=\"top\" width=\"480\">\n<ul>\n<li>Beskrivelse<\/li>\n<li>Fotos i dag<\/li>\n<li>\u00c6ldre orig.fotos<\/li>\n<li>Kontrakt mellem mellem Nyraad E\/V og SEAS, 1925<\/li>\n<\/ul>\n<\/td>\n<\/tr>\n<tr>\n<td valign=\"top\" width=\"163\">Kirke i Vintersb\u00f8lle<\/p>\n<p>&nbsp;<\/td>\n<td valign=\"top\" width=\"480\">\n<ul>\n<li>Avisartikler<\/li>\n<li>Nyr\u00e5d pr\u00e6steg\u00e5rd<\/li>\n<\/ul>\n<\/td>\n<\/tr>\n<\/tbody>\n<\/table>\n<p>Mapper om foreningsaktiviter<\/p>\n<table border=\"1\" cellspacing=\"0\" cellpadding=\"0\">\n<thead>\n<tr>\n<td valign=\"top\" width=\"170\">Emne<\/td>\n<td valign=\"top\" width=\"473\">Indhold<\/td>\n<\/tr>\n<\/thead>\n<tbody>\n<tr>\n<td valign=\"top\" width=\"170\">Fotos af Bev\u00e6rterhuset 2005<\/td>\n<td valign=\"top\" width=\"473\">\n<ul>\n<li><\/li>\n<\/ul>\n<\/td>\n<\/tr>\n<tr>\n<td valign=\"top\" width=\"170\">Foreningsekskursion til Ravnsborg Voldsted 26.aug.2006<\/td>\n<td valign=\"top\" width=\"473\">\n<ul>\n<li>Fotos<\/li>\n<li>Plancher<\/li>\n<li>Beskrivelse af tur<\/li>\n<\/ul>\n<\/td>\n<\/tr>\n<tr>\n<td valign=\"top\" width=\"170\">Foreningsekskursion til Korselitze Gods og Halskov V\u00e6nge 16.maj 2004<\/td>\n<td valign=\"top\" width=\"473\">\n<ul>\n<li>Fotos<\/li>\n<li>Beskrivelse af tur<\/li>\n<li>Udskrift af materiale fra hjemmesiden www.corselitze.dk<\/li>\n<\/ul>\n<\/td>\n<\/tr>\n<tr>\n<td valign=\"top\" width=\"170\">Bev\u00e6rterhuset<\/p>\n<p>Vintersb\u00f8lle Bleg<\/p>\n<p>&nbsp;<\/p>\n<p>&nbsp;<\/td>\n<td valign=\"top\" width=\"473\"><strong>Bev\u00e6rterhuset<\/strong><\/p>\n<ul>\n<li>N\u00f8gleliste<\/li>\n<li>Indvielse 12.06.04, mm<\/li>\n<li>Bilag til ans\u00f8gning om Naturcenter Vintersb\u00f8lle<\/li>\n<li>Vordingborg julem\u00e6rke<\/li>\n<li>Udskrift fra foreningens hjemmeside<\/li>\n<li>Fotos fra istands\u00e6ttelse<\/li>\n<li>Artikel om igangs\u00e6tning<\/li>\n<li>Fotos fra omr\u00e5det<\/li>\n<li>Apelfamilien<\/li>\n<li>Historien om Nyr\u00e5d<\/li>\n<li>L\u00e6rkeg\u00e5rden<\/li>\n<\/ul>\n<p><strong>S\u00f8ndags\u00e5bent<\/strong><\/p>\n<ul>\n<li>Referater, drejebog mm<\/li>\n<li>Retningslinier for brug af Bev\u00e6rterhuset<\/li>\n<\/ul>\n<p><strong>Vintersb\u00f8lle Bleg og skov<\/strong><\/p>\n<ul>\n<li>Fotos, beskrivelser og artikler<\/li>\n<\/ul>\n<\/td>\n<\/tr>\n<tr>\n<td valign=\"top\" width=\"170\">Gr\u00f8nne Ture<\/p>\n<p>&nbsp;<\/p>\n<p>&nbsp;<\/td>\n<td valign=\"top\" width=\"473\">06.02.2000 \u2013 Blegen og Vintersb\u00f8lleskoven<\/p>\n<p>17.09.2000 \u2013 Historisk tur i Vintersb\u00f8llesk.<\/p>\n<p>15.05.2000 \u2013 Lokalhistorisk tur i V.skoven<\/p>\n<p>18.08.2001 \u2013 Vand i Vintersb\u00f8lle, Kuls\u00f8en og Hulemoses\u00f8en<\/p>\n<p>20.04.2002 \u2013 Gr\u00f8n tur til Nyraad Teglv\u00e6rk og udflytterg\u00e5rden Munksgaard<\/p>\n<p>16.03.2003 \u2013 Restaurering af Bev\u00e6rterhuset i Vintersb\u00f8lle skov<\/p>\n<p>17.08.2003 \u2013 Kulsbjerg og Kuls\u00f8ens historie og omr\u00e5dets betydning for Vintersb.<\/p>\n<p>13.03.2005 \u2013 Gr\u00f8n tur Kalvehavebanen, Valdemars Plads, Vildtbanegr\u00f8fterne, blegen og Bev\u00e6rterhuset.<\/p>\n<p>12.03.2006 \u2013 Gr\u00f8n tur Nymark Skov og Holger Munk<\/p>\n<p>11.03.2006 \u2013 Gr\u00f8n tur \u00c6ldrecentret Vintersb\u00f8lle Strand til Bev\u00e6rterhuset<\/td>\n<\/tr>\n<tr>\n<td valign=\"top\" width=\"170\">Foreningens Nyhedsbreve<\/td>\n<td valign=\"top\" width=\"473\">&nbsp;<\/td>\n<\/tr>\n<tr>\n<td valign=\"top\" width=\"170\">Pressen<\/td>\n<td valign=\"top\" width=\"473\">Presseklip om arrangementer<\/td>\n<\/tr>\n<tr>\n<td valign=\"top\" width=\"170\">Arrangementer 2<\/p>\n<p>&nbsp;<\/td>\n<td valign=\"top\" width=\"473\">\n<ul>\n<li>S\u00f8ndags\u00e5bent<\/li>\n<li>Guidede ture<\/li>\n<li>Medlemsture<\/li>\n<li>Frilandsmuseet<\/li>\n<\/ul>\n<\/td>\n<\/tr>\n<\/tbody>\n<\/table>\n<p>&nbsp;<\/p>\n","protected":false},"excerpt":{"rendered":"<p>Lokalhistorisk Forenings form\u00e5l er at formidle Vintersb\u00f8lle og Nyr\u00e5ds historie. Dette vil vi bl.a. g\u00f8re gennem udgivelse af artikler, fotos, fort\u00e6llinger og meget mere. I Lokalhistorisk Forenings arkiv har vi oprettet en lang r\u00e6kke mapper [&hellip;]<\/p>\n","protected":false},"author":1,"featured_media":0,"parent":0,"menu_order":0,"comment_status":"open","ping_status":"open","template":"","meta":{"footnotes":""},"class_list":["post-36","page","type-page","status-publish","hentry"],"_links":{"self":[{"href":"https:\/\/www.vinterhistorie.dk\/index.php?rest_route=\/wp\/v2\/pages\/36","targetHints":{"allow":["GET"]}}],"collection":[{"href":"https:\/\/www.vinterhistorie.dk\/index.php?rest_route=\/wp\/v2\/pages"}],"about":[{"href":"https:\/\/www.vinterhistorie.dk\/index.php?rest_route=\/wp\/v2\/types\/page"}],"author":[{"embeddable":true,"href":"https:\/\/www.vinterhistorie.dk\/index.php?rest_route=\/wp\/v2\/users\/1"}],"replies":[{"embeddable":true,"href":"https:\/\/www.vinterhistorie.dk\/index.php?rest_route=%2Fwp%2Fv2%2Fcomments&post=36"}],"version-history":[{"count":4,"href":"https:\/\/www.vinterhistorie.dk\/index.php?rest_route=\/wp\/v2\/pages\/36\/revisions"}],"predecessor-version":[{"id":362,"href":"https:\/\/www.vinterhistorie.dk\/index.php?rest_route=\/wp\/v2\/pages\/36\/revisions\/362"}],"wp:attachment":[{"href":"https:\/\/www.vinterhistorie.dk\/index.php?rest_route=%2Fwp%2Fv2%2Fmedia&parent=36"}],"curies":[{"name":"wp","href":"https:\/\/api.w.org\/{rel}","templated":true}]}}