{"id":34,"date":"2012-06-11T21:06:01","date_gmt":"2012-06-11T21:06:01","guid":{"rendered":"http:\/\/localhost:8888\/vinterhistorie\/?page_id=34"},"modified":"2012-06-24T15:36:54","modified_gmt":"2012-06-24T15:36:54","slug":"udgivelser","status":"publish","type":"page","link":"https:\/\/www.vinterhistorie.dk\/?page_id=34","title":{"rendered":"Udgivelser"},"content":{"rendered":"<p>Lokalhistorisk Forening for Vintersb\u00f8lle\/Nyr\u00e5d udgiver alene og i samarbejde med andre b\u00f8ger og brochurer som vi vil henvise til p\u00e5 disse sider. Vores egne brochurer vil v\u00e6re tilg\u00e6ngelige i pdf-format til download.<\/p>\n<p>Herudover vil vi henvise til litteratur, som vi mener kan v\u00e6re interessante.<\/p>\n","protected":false},"excerpt":{"rendered":"<p>Lokalhistorisk Forening for Vintersb\u00f8lle\/Nyr\u00e5d udgiver alene og i samarbejde med andre b\u00f8ger og brochurer som vi vil henvise til p\u00e5 disse sider. Vores egne brochurer vil v\u00e6re tilg\u00e6ngelige i pdf-format til download. Herudover vil vi [&hellip;]<\/p>\n","protected":false},"author":1,"featured_media":0,"parent":0,"menu_order":0,"comment_status":"open","ping_status":"open","template":"","meta":{"footnotes":""},"class_list":["post-34","page","type-page","status-publish","hentry"],"_links":{"self":[{"href":"https:\/\/www.vinterhistorie.dk\/index.php?rest_route=\/wp\/v2\/pages\/34","targetHints":{"allow":["GET"]}}],"collection":[{"href":"https:\/\/www.vinterhistorie.dk\/index.php?rest_route=\/wp\/v2\/pages"}],"about":[{"href":"https:\/\/www.vinterhistorie.dk\/index.php?rest_route=\/wp\/v2\/types\/page"}],"author":[{"embeddable":true,"href":"https:\/\/www.vinterhistorie.dk\/index.php?rest_route=\/wp\/v2\/users\/1"}],"replies":[{"embeddable":true,"href":"https:\/\/www.vinterhistorie.dk\/index.php?rest_route=%2Fwp%2Fv2%2Fcomments&post=34"}],"version-history":[{"count":4,"href":"https:\/\/www.vinterhistorie.dk\/index.php?rest_route=\/wp\/v2\/pages\/34\/revisions"}],"predecessor-version":[{"id":476,"href":"https:\/\/www.vinterhistorie.dk\/index.php?rest_route=\/wp\/v2\/pages\/34\/revisions\/476"}],"wp:attachment":[{"href":"https:\/\/www.vinterhistorie.dk\/index.php?rest_route=%2Fwp%2Fv2%2Fmedia&parent=34"}],"curies":[{"name":"wp","href":"https:\/\/api.w.org\/{rel}","templated":true}]}}