{"id":3235,"date":"2025-03-22T16:01:53","date_gmt":"2025-03-22T16:01:53","guid":{"rendered":"http:\/\/www.vinterhistorie.dk\/?page_id=3235"},"modified":"2025-03-22T16:04:36","modified_gmt":"2025-03-22T16:04:36","slug":"nyraad-gadekaer","status":"publish","type":"page","link":"https:\/\/www.vinterhistorie.dk\/?page_id=3235","title":{"rendered":"Nyr\u00e5d gadek\u00e6r"},"content":{"rendered":"<p>Et gadek\u00e6r har fra gammel tid v\u00e6ret landsbyens faste samlingspunkt. Vigtigst var, at dyrene kunne drikke vand herfra morgen og aften, og der var en tilg\u00e6ngelig vandkilde ved ildebrand.<\/p>\n<p>Gadek\u00e6ret var samtidig stedet, hvor man vaskede t\u00f8j og hestevogne, og her lagde man k\u00e6ppe, siv og halm i bl\u00f8d, s\u00e5 de senere kunne flettes til kurve mm. Mange steder fungerede det ogs\u00e5 som k\u00f8leskab, ved at man om vinteren huggede store isblokke ud, pakkede dem ind i halm og lagde dem i ishuse og k\u00e6ldre. Det skulle kunne holde mad og drikkevarer kolde til langt hen p\u00e5 sommeren.<\/p>\n<p><strong>Personlig beretning fra S\u00f8ren Jensen, nabo til gadek\u00e6ret: <\/strong><\/p>\n<p>&#8220;Da jeg i 1956 kom i t\u00f8mrerl\u00e6re her i Nyr\u00e5d, brugte vi gadek\u00e6ret, n\u00e5r vi skulle t\u00e6tne de transportable ajlevogne. N\u00e5r vi havde repareret tr\u00e6t\u00f8nden, som l\u00e5 vandret p\u00e5 vognen, skubbede vi l\u00e6rlinge t\u00f8nden ned i gadek\u00e6ret, s\u00e5 kunne den ligge der et par dage og suge vand, s\u00e5 bulnede tr\u00e6et, og t\u00f8nden blev t\u00e6t.<\/p>\n<p>Gadek\u00e6ret blev dengang brugt som pejlem\u00e6rke, n\u00e5r man blev spurgt om en adresse. Man kunne altid sige, det er lige f\u00f8r, lige efter, eller lige overfor.<\/p>\n<p>N\u00e5r det var isvinter, blev sneen hurtigt skrabet v\u00e6k, s\u00e5 var der den dejligste sk\u00f8jtebane, og k\u00e6ret var fyldt med glade b\u00f8rn. Det var betryggende for byens for\u00e6ldre at sende deres b\u00f8rn p\u00e5 gadek\u00e6ret fremfor ned p\u00e5 den til tider usikre is ved stranden.<\/p>\n<p>Om sommeren slog b\u00f8rnene kolb\u00f8tter p\u00e5 gel\u00e6nderet mod gaden.<\/p>\n<p>Da vi, Jette og S\u00f8ren Jensen, for ca. 25 \u00e5r siden flyttede til Hovedgaden 39, lige bag gadek\u00e6ret, var der vand i, og der ynglede hvert \u00e5r et svanepar, samtidig med at flere andepar ligeledes fik \u00e6llinger. Det var til gl\u00e6de ikke alene for os naboer, men ogs\u00e5 for byens b\u00f8rnehaveb\u00f8rn, der dagligt kom og fodrede \u00e6nderne&#8221;.<\/p>\n<p>I dag er Nyr\u00e5d gadek\u00e6r et yndet \u00e5ndehul midt i byen, som vedligeholdes af n\u00e6rmeste naboer og Nyr\u00e5d Lokalforum.<\/p>\n<p>&nbsp;<\/p>\n<p>&nbsp;<\/p>\n","protected":false},"excerpt":{"rendered":"<p>Et gadek\u00e6r har fra gammel tid v\u00e6ret landsbyens faste samlingspunkt. Vigtigst var, at dyrene kunne drikke vand herfra morgen og aften, og der var en tilg\u00e6ngelig vandkilde ved ildebrand. Gadek\u00e6ret var samtidig stedet, hvor man [&hellip;]<\/p>\n","protected":false},"author":4,"featured_media":0,"parent":36,"menu_order":0,"comment_status":"closed","ping_status":"closed","template":"","meta":{"footnotes":""},"class_list":["post-3235","page","type-page","status-publish","hentry"],"_links":{"self":[{"href":"https:\/\/www.vinterhistorie.dk\/index.php?rest_route=\/wp\/v2\/pages\/3235","targetHints":{"allow":["GET"]}}],"collection":[{"href":"https:\/\/www.vinterhistorie.dk\/index.php?rest_route=\/wp\/v2\/pages"}],"about":[{"href":"https:\/\/www.vinterhistorie.dk\/index.php?rest_route=\/wp\/v2\/types\/page"}],"author":[{"embeddable":true,"href":"https:\/\/www.vinterhistorie.dk\/index.php?rest_route=\/wp\/v2\/users\/4"}],"replies":[{"embeddable":true,"href":"https:\/\/www.vinterhistorie.dk\/index.php?rest_route=%2Fwp%2Fv2%2Fcomments&post=3235"}],"version-history":[{"count":2,"href":"https:\/\/www.vinterhistorie.dk\/index.php?rest_route=\/wp\/v2\/pages\/3235\/revisions"}],"predecessor-version":[{"id":3238,"href":"https:\/\/www.vinterhistorie.dk\/index.php?rest_route=\/wp\/v2\/pages\/3235\/revisions\/3238"}],"up":[{"embeddable":true,"href":"https:\/\/www.vinterhistorie.dk\/index.php?rest_route=\/wp\/v2\/pages\/36"}],"wp:attachment":[{"href":"https:\/\/www.vinterhistorie.dk\/index.php?rest_route=%2Fwp%2Fv2%2Fmedia&parent=3235"}],"curies":[{"name":"wp","href":"https:\/\/api.w.org\/{rel}","templated":true}]}}