{"id":2918,"date":"2021-10-22T15:07:08","date_gmt":"2021-10-22T15:07:08","guid":{"rendered":"http:\/\/www.vinterhistorie.dk\/?page_id=2918"},"modified":"2025-03-22T15:57:52","modified_gmt":"2025-03-22T15:57:52","slug":"vintersbolle-bronden","status":"publish","type":"page","link":"https:\/\/www.vinterhistorie.dk\/?page_id=2918","title":{"rendered":"Vintersb\u00f8lle-br\u00f8nden"},"content":{"rendered":"<p><a href=\"http:\/\/www.vinterhistorie.dk\/?attachment_id=2921\" rel=\"attachment wp-att-2921\"><img loading=\"lazy\" decoding=\"async\" class=\"alignnone  wp-image-2921\" title=\"IMG_0064\" src=\"http:\/\/www.vinterhistorie.dk\/wp-content\/uploads\/2021\/10\/IMG_00641-e1634914933197-220x120.jpg\" alt=\"\" width=\"313\" height=\"171\" \/><\/a><\/p>\n<p><strong>Vintersb\u00f8lle-br\u00f8nden<\/strong>, som i 1978 blev opstillet ved Vintersb\u00f8llehallen, Bakkeb\u00f8llevej 6, er udf\u00f8rt af maler- og billedhugger <strong>Finn Brandstrup<\/strong>, f. 1936.<\/p>\n<p><em>Udsmykningen best\u00e5r af et bassin med lav vandstand, hvori er anbragt 7 kobberr\u00f8rss\u00f8jler udsmykket med billeder i emalje. Kunstneren har i v\u00e6rkets ide ladet indg\u00e5, at der p\u00e5 stedet i \u00e6ldre tid har ligget en br\u00f8nd, hvor b\u00f8nderne i omr\u00e5det hentede vand. Den underjordiske kilde, som har givet vand til br\u00f8nden, st\u00f8dte man p\u00e5 under udgravningen til hallens fyrk\u00e6lder. <\/em><\/p>\n<p><em>V\u00e6rket blev udvalgt p\u00e5 baggrund af en offentlig konkurrence, hvortil 22 kunstnere fra hele landet havde indsendt forslag.\u00a0<\/em><\/p>\n<p>Med tiden forfaldt v\u00e6rket. Klinkerne i bassinet l\u00f8snede sig og man valgte at opfylde det med jord, men st\u00e5r der endnu.<\/p>\n<p>&nbsp;<\/p>\n<p>Red. LL 2021.<\/p>\n","protected":false},"excerpt":{"rendered":"<p>Vintersb\u00f8lle-br\u00f8nden, som i 1978 blev opstillet ved Vintersb\u00f8llehallen, Bakkeb\u00f8llevej 6, er udf\u00f8rt af maler- og billedhugger Finn Brandstrup, f. 1936. Udsmykningen best\u00e5r af et bassin med lav vandstand, hvori er anbragt 7 kobberr\u00f8rss\u00f8jler udsmykket med [&hellip;]<\/p>\n","protected":false},"author":4,"featured_media":0,"parent":36,"menu_order":0,"comment_status":"open","ping_status":"open","template":"","meta":{"footnotes":""},"class_list":["post-2918","page","type-page","status-publish","hentry"],"_links":{"self":[{"href":"https:\/\/www.vinterhistorie.dk\/index.php?rest_route=\/wp\/v2\/pages\/2918","targetHints":{"allow":["GET"]}}],"collection":[{"href":"https:\/\/www.vinterhistorie.dk\/index.php?rest_route=\/wp\/v2\/pages"}],"about":[{"href":"https:\/\/www.vinterhistorie.dk\/index.php?rest_route=\/wp\/v2\/types\/page"}],"author":[{"embeddable":true,"href":"https:\/\/www.vinterhistorie.dk\/index.php?rest_route=\/wp\/v2\/users\/4"}],"replies":[{"embeddable":true,"href":"https:\/\/www.vinterhistorie.dk\/index.php?rest_route=%2Fwp%2Fv2%2Fcomments&post=2918"}],"version-history":[{"count":6,"href":"https:\/\/www.vinterhistorie.dk\/index.php?rest_route=\/wp\/v2\/pages\/2918\/revisions"}],"predecessor-version":[{"id":3237,"href":"https:\/\/www.vinterhistorie.dk\/index.php?rest_route=\/wp\/v2\/pages\/2918\/revisions\/3237"}],"up":[{"embeddable":true,"href":"https:\/\/www.vinterhistorie.dk\/index.php?rest_route=\/wp\/v2\/pages\/36"}],"wp:attachment":[{"href":"https:\/\/www.vinterhistorie.dk\/index.php?rest_route=%2Fwp%2Fv2%2Fmedia&parent=2918"}],"curies":[{"name":"wp","href":"https:\/\/api.w.org\/{rel}","templated":true}]}}