{"id":2722,"date":"2020-02-26T10:48:37","date_gmt":"2020-02-26T10:48:37","guid":{"rendered":"http:\/\/www.vinterhistorie.dk\/?page_id=2722"},"modified":"2020-02-27T15:17:42","modified_gmt":"2020-02-27T15:17:42","slug":"8-born-druknede-ved-vintersbolle-30-januar-1895","status":"publish","type":"page","link":"https:\/\/www.vinterhistorie.dk\/?page_id=2722","title":{"rendered":"8 b\u00f8rn druknede ved Vintersb\u00f8lle 30. januar 1895"},"content":{"rendered":"<p><em>Afskrift fra M\u00f8ns Folkeblad 1. februar 1895<\/em><br \/>\n<strong>Formodet skr\u00e6kkelig Ulykke.<\/strong><br \/>\n<strong>8 B\u00f8rn sandsynligvis druknede.<\/strong><br \/>\nVor Korrespondent i Nestved har i Gaar sendt os f\u00f8lgende<br \/>\nPrivattelegram.<br \/>\nNestved, den 31te Jan., Kl.8.35 Eft. \u201dDannebrog\u201d Kj\u00f8benhavn<br \/>\nI Middags fortaltes i Vordingborg, at 8 B\u00f8rn fra Nyraadsmark og Vintersb\u00f8lle med en Isflage i Gaar Aftes var f\u00f8rt bort fra Land.<br \/>\nVi tog Strax af Sted, og det viste sig, at Rygtet havde fortalt ganske rigtigt.<\/p>\n<p>8 B\u00f8rn l\u00f8b Onsdag Eftermiddag og legede paa Isen ved Nyraad Havn til hen under Vintersb\u00f8lle Bleg, da Isflagen mellem Kl. 5 og 6 Aften gik l\u00f8s og drev ad Falster til. Vinden var nemlig gaaet fra \u00d8st til Nord, saaledes at der blev Fralandsvind, og samtidig blev det H\u00f8jvande, hvorved Isen blev l\u00f8ftet. Isflagen, som kom i Drift, strakte sig fra Marienlyst Skov og forbi Vintersb\u00f8lle Skove, en Str\u00e6kning paa over en Fjerdingvej. Ved Strandbredden var der Torsdag ingen Is at se; Stormen og H\u00f8jvandet havde taget alt med sig.<br \/>\nArbejdsmand L. Hansen, som ved 6-Tiden kom til Stede for at tilse Nyraad Skibsbro, h\u00f8rte ude fra Stranden de ulykkelige B\u00f8rn raabe: \u201dFa`er! Fa`er!\u201d<br \/>\nHan svarede dem igjen og ilede derpaa strax efter Hj\u00e6lp. Da Kl. var 7, gik endelig 3 M\u00e6nd, Stenhugger H. Rasmussen, Ole Larsen og J.P. Rasmussen, ud i en baad for muligvis at kunne redde B\u00f8rnene, men de h\u00f8rte ikke noget til dem og kunde intet udrette.\u00a0De 8 B\u00f8rn var i en Alder fra 6 til 12 Aar. 4 gik i Bakkeb\u00f8lle Skole, 2 i Nyraad Skole, og 2 af dem havde endnu ikke begyndt at gaa i Skole. De 4 af B\u00f8rnene, 3 Piger og 1 Dreng, var V\u00e6ver Lars P. Rasmussens, Vintersb\u00f8lle, 2 Drenge Skovarbejder Lars Hansens, Vintersb\u00f8lle, 1 Dreng var V\u00e6ver Jac. Nielsens Enkes, Nyraad Mark, og 1 Dreng S\u00f8mand Ole Bernhard Larsens, Nyraad Mark.<br \/>\nIsen var meget svag, efter Aalestangeres Beretning var den endog saa tynd, at en \u00d8xe med Lethed kunne gaa igjennem den med \u00e9t Hug, og der er saaledes stor Sandsynlighed for, at den er gaaet i Stykker under Driften, og at de ulykkelige B\u00f8rn er omkomne i B\u00f8lgerne.<br \/>\nI Formiddag var en halv Snes Mand ude i Baade, for paa Strandens Bund at s\u00f8ge efter B\u00f8rnene, men deres S\u00f8gen var forgj\u00e6ves<br \/>\nEn lille Pige, som var med ude at lege paa Isen, var, kort Tid f\u00f8r Ulykken skete, l\u00f8bet et \u00d8jeblik til sit Hjem for gl\u00e6destraalende at meddele For\u00e6ldrene, at hun og Kammeraterne legede saa godt paa Isen, hvorefter hun l\u00f8b tilbage og kom ud med paa Isflagen.<\/p>\n","protected":false},"excerpt":{"rendered":"<p>Afskrift fra M\u00f8ns Folkeblad 1. februar 1895 Formodet skr\u00e6kkelig Ulykke. 8 B\u00f8rn sandsynligvis druknede. Vor Korrespondent i Nestved har i Gaar sendt os f\u00f8lgende Privattelegram. Nestved, den 31te Jan., Kl.8.35 Eft. \u201dDannebrog\u201d Kj\u00f8benhavn I Middags [&hellip;]<\/p>\n","protected":false},"author":4,"featured_media":0,"parent":36,"menu_order":0,"comment_status":"open","ping_status":"open","template":"","meta":{"footnotes":""},"class_list":["post-2722","page","type-page","status-publish","hentry"],"_links":{"self":[{"href":"https:\/\/www.vinterhistorie.dk\/index.php?rest_route=\/wp\/v2\/pages\/2722","targetHints":{"allow":["GET"]}}],"collection":[{"href":"https:\/\/www.vinterhistorie.dk\/index.php?rest_route=\/wp\/v2\/pages"}],"about":[{"href":"https:\/\/www.vinterhistorie.dk\/index.php?rest_route=\/wp\/v2\/types\/page"}],"author":[{"embeddable":true,"href":"https:\/\/www.vinterhistorie.dk\/index.php?rest_route=\/wp\/v2\/users\/4"}],"replies":[{"embeddable":true,"href":"https:\/\/www.vinterhistorie.dk\/index.php?rest_route=%2Fwp%2Fv2%2Fcomments&post=2722"}],"version-history":[{"count":4,"href":"https:\/\/www.vinterhistorie.dk\/index.php?rest_route=\/wp\/v2\/pages\/2722\/revisions"}],"predecessor-version":[{"id":2726,"href":"https:\/\/www.vinterhistorie.dk\/index.php?rest_route=\/wp\/v2\/pages\/2722\/revisions\/2726"}],"up":[{"embeddable":true,"href":"https:\/\/www.vinterhistorie.dk\/index.php?rest_route=\/wp\/v2\/pages\/36"}],"wp:attachment":[{"href":"https:\/\/www.vinterhistorie.dk\/index.php?rest_route=%2Fwp%2Fv2%2Fmedia&parent=2722"}],"curies":[{"name":"wp","href":"https:\/\/api.w.org\/{rel}","templated":true}]}}