{"id":2599,"date":"2019-01-30T12:17:04","date_gmt":"2019-01-30T12:17:04","guid":{"rendered":"http:\/\/www.vinterhistorie.dk\/?page_id=2599"},"modified":"2019-02-04T07:48:53","modified_gmt":"2019-02-04T07:48:53","slug":"tidslinje","status":"publish","type":"page","link":"https:\/\/www.vinterhistorie.dk\/?page_id=2599","title":{"rendered":"Tidslinje."},"content":{"rendered":"<p><strong>\u00c5rstal og h\u00e6ndelser, der vedr\u00f8rer Nyr\u00e5d historie.\u00a0<\/strong><\/p>\n<p><strong>1348:<\/strong> \u00a0 \u00a0 Nyr\u00e5d skrives Nyrud dvs. ny rydning.<\/p>\n<p><strong>1501:<\/strong> \u00a0 \u00a0 Nyr\u00e5d skrives Nyraadt.<\/p>\n<p><strong>1513:<\/strong> \u00a0 \u00a0 Hollemos\u00e6 Vandm\u00f8lle n\u00e6vnes f\u00f8rste gang i en jordebog ang. landgilde.<\/p>\n<p><strong>1588:<\/strong> \u00a0 \u00a0 Christian den 4. beslutter, at anl\u00e6gge Nordeuropas st\u00f8rste Kgl. jagtskov &#8220;Sydsj\u00e6lland&#8221;.<\/p>\n<p><strong>1552-55:\u00a0<\/strong> Latinskolen i Vordingborg bygges.<\/p>\n<p><strong>1660: \u00a0<\/strong> \u00a0 Konsumptionsskatten indf\u00f8res (told p\u00e5 varer fra land til by).<\/p>\n<p><strong>1664: \u00a0<\/strong> \u00a0 (m\u00e5ske lidt f\u00f8r) bygges vandm\u00f8lle nr. 2.<\/p>\n<p><strong>1670-1701:\u00a0<\/strong> Er Hulemose M\u00f8lleg\u00e5rd livgeding (underhold) for Prins J\u00f8rgen.<\/p>\n<p><strong>1671:<\/strong> \u00a0 \u00a0 Konsumptionsskatteforordning og indhegningsbestemmelser.<\/p>\n<p><strong>1681: \u00a0<\/strong> \u00a0 Skole i Nyr\u00e5d.<\/p>\n<p><strong>1701:<\/strong> \u00a0 \u00a0 Hulemose M\u00f8lleg\u00e5rd bliver ryttergods (krongods til underhold for dansk rytteri).<\/p>\n<p><strong>1702: \u00a0<\/strong> \u00a0 Frederik den 4. fornyer vildtbanevoldene.<\/p>\n<p><strong>1720`erne:<\/strong>\u00a0 Opf\u00f8res den sydligste m\u00f8lle p\u00e5 Holtet, en stampem\u00f8lle.<\/p>\n<p><strong>1722: \u00a0<\/strong> \u00a0 Ny skole i Vordingborg indrettes ogs\u00e5 til b\u00f8rn fra Nyr\u00e5d.<\/p>\n<p><strong>1734:<\/strong> \u00a0 \u00a0 3. maj gennembrydes vejen af Hulemoses\u00f8ens vand. &#8220;Vandfloden&#8221;.<\/p>\n<p><strong>1742: \u00a0<\/strong> \u00a0 Bakkeb\u00f8lle Skole bygges ogs\u00e5 til brug for b\u00f8rn fra Nyr\u00e5d.<\/p>\n<p><strong>1774: \u00a0<\/strong> \u00a0 Mellemste m\u00f8lle, &#8220;Havem\u00f8llen&#8221; opf\u00f8res.<\/p>\n<p>Vordingborg Rytterdistrikt s\u00e6lger Vintersb\u00f8lle Skov til etatsr\u00e5d Niels Ryberg<\/p>\n<p>Hulemose M\u00f8lleg\u00e5rd s\u00e6lges fra Vordingborg\u00a0 Slot til fri ejendom.<\/p>\n<p>Vildtbanen opgives.<\/p>\n<p><strong>1795: \u00a0 \u00a0<\/strong> \u00a0 Blegeriet til K\u00f8ng Fabrik opf\u00f8res.<\/p>\n<p><strong>1800: \u00a0<\/strong> \u00a0 Vintersb\u00f8lle udskiftes.<\/p>\n<p><strong>1806:<\/strong> \u00a0 \u00a0 Nyr\u00e5d vindm\u00f8lles opf\u00f8res. M\u00e5ske Danmarks tredje st\u00f8rste?<\/p>\n<p>Vandm\u00f8llernes drift standses.<\/p>\n<p><strong>1808: \u00a0<\/strong> \u00a0 Vandm\u00f8llerne atter i gang.<\/p>\n<p>Hjortholm udstykkes.<\/p>\n<p><strong>1808-11:\u00a0<\/strong> Jens Lind indretter oliem\u00f8lle, s\u00e6bem\u00f8lle, valkev\u00e6rk og papirfabrik.<\/p>\n<p><strong>1820: \u00a0<\/strong> \u00a0 K\u00f8ng fabrik g\u00e5r konkurs.<\/p>\n<p><strong>1826: \u00a0 \u00a0<\/strong> Ekstra love vedr. k\u00f8bmandshandel uden for k\u00f8bst\u00e6derne.<\/p>\n<p><strong>1827:<\/strong> \u00a0 \u00a0 I Nyr\u00e5d ans\u00e6ttes en underbetjent og en strandkontroll\u00f8r.<\/p>\n<p><strong>1829: \u00a0<\/strong> \u00a0 Hulemoseg\u00e5rden f\u00e5r bes\u00f8g af en vandringsmand (H.C. Andersen)<\/p>\n<p><strong>1831:<\/strong> \u00a0 \u00a0 Hestem\u00f8lle oprettes som hj\u00e6lpem\u00f8lle for vindm\u00f8llen.<\/p>\n<p><strong>1832:<\/strong> \u00a0 \u00a0 Nu kun \u00e9n person til at kontrollere konsumptionsskatten i Nyr\u00e5d.<\/p>\n<p><strong>1835: \u00a0<\/strong> \u00a0 K\u00f8bmandsg\u00e5rden grundl\u00e6gges af Frederich Lammers Theisen og bliver i familien i 88 \u00e5r.<\/p>\n<p><strong>1845: \u00a0 \u00a0<\/strong> 15. april k\u00e6mper justitsr\u00e5d Oxenb\u00f8ll for Nyr\u00e5ds k\u00f8bstadsrettigheder.<\/p>\n<p>P\u00e5 et borgerm\u00f8de stemte 15 imod og 24 for k\u00f8bstadsrettigheder.<\/p>\n<p><strong>1846:<\/strong> \u00a0 \u00a0 Theisens papirm\u00f8lle bygges.<\/p>\n<p><strong>1849:<\/strong> \u00a0 \u00a0 Hulemose M\u00f8lleg\u00e5rd br\u00e6ndte den 15. maj og 9 mennesker omkom.<\/p>\n<p><strong>1849-50:\u00a0<\/strong> Hulemose M\u00f8lleg\u00e5rd genopbygges som tre-l\u00e6nget g\u00e5rd.<\/p>\n<p><strong>1850: \u00a0<\/strong> \u00a0 Nyr\u00e5d skole bygges.<\/p>\n<p>Maren Apels hus (Bev\u00e6rterhuset) opf\u00f8res<\/p>\n<p><strong>1851: \u00a0<\/strong> \u00a0 Kj\u00f8ng V\u00e6vefabrik flyttes til Vintersb\u00f8lle Bleg.<\/p>\n<p>7. februar oph\u00e6ves konsumptionsskatten.<\/p>\n<p>18. maj k\u00f8ber k\u00f8bmand J\u00f8rgen Ravn, Svendborg Hulemose M\u00f8lleg\u00e5rd, som derp\u00e5 ejes af Ravn i 21 \u00e5r.<\/p>\n<p>Frim\u00e6rker indf\u00f8res i Danmark<\/p>\n<p><strong>1853: \u00a0<\/strong> \u00a0 Skoleprotokollen indf\u00f8res.<\/p>\n<p><strong>1868:<\/strong> \u00a0 \u00a0 Nyr\u00e5d Teglv\u00e6rk grundl\u00e6gges og fire Kronshagen-generationer f\u00f8lger.<\/p>\n<p>Lars Munks dagbog fra Far\u00f8\u00a0 skrives.<\/p>\n<p>Ved den hvide villa M\u00e5let bygges Oringe vandv\u00e6rk<\/p>\n<p>J\u00f8rgen Ravn s\u00e6lger 500 tdr. Hulemose-s\u00f8vand til Oringe i d\u00f8gnet.<\/p>\n<p>Kongen s\u00e6lger Vintersb\u00f8lle skov til Peterg\u00e5rd Gods<\/p>\n<p><strong>1870:<\/strong> \u00a0 \u00a0 Jernbanelinjen K\u00f8benhavn-Vordingborg \u00e5bner 4. oktober.<\/p>\n<p><strong>1871:<\/strong> \u00a0 \u00a0 Spr\u00f8jtehuset i Nyr\u00e5d bygges.<\/p>\n<p>J.C. Ellehammer f\u00f8des.<\/p>\n<p><strong>1877: \u00a0<\/strong> \u00a0 Asylet bygges.<\/p>\n<p><strong>1880: \u00a0<\/strong> \u00a0 Postfordeling fra Theisens k\u00f8bmandsg\u00e5rd h\u00e5ndteres af Post-Stine.<\/p>\n<p><strong>1882:<\/strong> \u00a0 \u00a0 Oktoberstorm v\u00e6lter Hulemose M\u00f8lleg\u00e5rds lade efter konfirmation.<\/p>\n<p>Hulemose M\u00f8lle drives af overfaldshjul, som dette \u00e5r erstattes af turbiner.<\/p>\n<p><strong>1884: \u00a0<\/strong> \u00a0 Masnedsundbroen er f\u00e6rdig 15. januar.<\/p>\n<p><strong>1891:<\/strong> \u00a0 \u00a0 Egnens b\u00f8nder k\u00f8ber Nyr\u00e5d Br\u00e6nderi og opretter Nyr\u00e5d Mejeri.<\/p>\n<p>Bryggeriet bygges.<\/p>\n<p>Sommerpensionat &#8220;Blegen&#8221; oprettes.<\/p>\n<p>Maren Apel d\u00f8r.<\/p>\n<p><strong>1892: \u00a0<\/strong> \u00a0 Holger Munk f\u00f8des.<\/p>\n<p>J\u00f8rgen Ravn f\u00f8des 4. juni. &#8220;Hulemose\u00e6blet&#8221; = &#8220;Dronning Louise-\u00e6blet&#8221;.<\/p>\n<p><strong>1895: \u00a0<\/strong> \u00a0 Anl\u00e6gsarbejdet med jernbanen p\u00e5begyndes.<\/p>\n<p><strong>1897: \u00a0<\/strong> \u00a0 Ingeni\u00f8r Valdemar Hvidt omkommer i september ved en arbejdsulykke.<\/p>\n<p>Kalvehavebanen indvies 1. oktober.<\/p>\n<p>H\u00f8jskole oprettes p\u00e5 Rosn\u00e6s.<\/p>\n<p><strong>1901-2:\u00a0<\/strong> Mejeriet ombygges.<\/p>\n<p><strong>1903: \u00a0 \u00a0<\/strong> Gedser-Warnem\u00fcnde f\u00e5r f\u00e6rgefart.<\/p>\n<p>Deklaration af godsejer Ida M. Suhr, Petersg\u00e5rd vedr. vandledning gennem skoven fra Nyr\u00e5d til Oringe.<\/p>\n<p><strong>1904: \u00a0<\/strong> \u00a0 K\u00f8bmand Johansen starter forretning.<\/p>\n<p>Bryggeriets stuehus bygges.<\/p>\n<p>Petroleumsgadelys i Nyr\u00e5d. M\u00e5ske f\u00f8r?<\/p>\n<p><strong>1906:<\/strong> \u00a0 \u00a0 V\u00e6veriet ved Blegen oph\u00f8rer og s\u00e6lges til godsejer Ida Suhr p\u00e5 Petersg\u00e5rd<\/p>\n<p>Ellehammer foretog Europas f\u00f8rste flyvning. Lindholm 12. september.<\/p>\n<p><strong>1913: \u00a0<\/strong> \u00a0 Telefoncentral &#8220;Nymark&#8221; etableres.<\/p>\n<p>Elektricitetsv\u00e6rket bygges.<\/p>\n<p><strong>1910-11:\u00a0<\/strong> Bakkeb\u00f8lle- og Nyr\u00e5d Forskole bygges samt Vintersb\u00f8lle Skole.<\/p>\n<p><strong>1912:<\/strong> \u00a0 \u00a0 Savv\u00e6rket etableres.<\/p>\n<p>Havem\u00f8llens brug indstilles.<\/p>\n<p><strong>1919:<\/strong> \u00a0 \u00a0 Nyr\u00e5d Brugsforening starter.<\/p>\n<p><strong>1921:<\/strong> \u00a0 \u00a0 Havem\u00f8llen faldt sammen.<\/p>\n<p>Nyr\u00e5d Handelsgartneri starter.<\/p>\n<p><strong>1922:<\/strong> \u00a0 \u00a0 Kuls\u00f8b\u00e6kken (Fl\u00e6b\u00e6kken?) r\u00f8rl\u00e6gges.<\/p>\n<p><strong>1922-24:<\/strong>\u00a0 Nyr\u00e5d Hovedgade brol\u00e6gges.<\/p>\n<p><strong>1923: \u00a0<\/strong> \u00a0 M\u00f8ns Omnibusser (Stege-Vordingborg-N\u00e6stved-Kors\u00f8r) etableres.<\/p>\n<p><strong>\u00a0 \u00a0 \u00a0 \u00a0 \u00a0 \u00a0 <\/strong>\u00a0\u00a0 K\u00f8bmand J\u00f8rgen Theisen afh\u00e6nder k\u00f8bmandsg\u00e5rden til Christen Hansen.<\/p>\n<p><strong>1923-28:<\/strong>\u00a0 Gudstjeneste i Vintersb\u00f8lle Skole hver fjerde s\u00f8ndag kl. 14.<\/p>\n<p><strong>1924: \u00a0 \u00a0<\/strong> Vejbanen over vandrenden til Hulemose Vandm\u00f8lle styrter sammen.<\/p>\n<p>Nyr\u00e5d Mejeri udvides.<\/p>\n<p><strong>1925:<\/strong> \u00a0 \u00a0 Elv\u00e6rkets funktion oph\u00f8rer.<\/p>\n<p><strong>1927: \u00a0<\/strong> \u00a0 Nyr\u00e5d Idr\u00e6tsforening grundl\u00e6gges.<\/p>\n<p><strong>1930: \u00a0 \u00a0<\/strong> Dagmar &amp; Mogens Schrader, \u00d8rneh\u00f8j: &#8220;I de lyse n\u00e6tter&#8221;.<\/p>\n<p>Sommerpensionatet S\u00f8eholm bygges.<\/p>\n<p><strong>1935: \u00a0<\/strong> \u00a0 Spr\u00f8jtehuset nedrives.<\/p>\n<p>Bakkeb\u00f8lle-stenen rejst<\/p>\n<p><strong>1937: \u00a0<\/strong> \u00a0 Storstr\u00f8msbroen indvies 26. september.<\/p>\n<p>Bev\u00e6rterhuset lejes ud til Ernst Viggo Hansen.<\/p>\n<p>Nyt Andelsmejeri bygges.<\/p>\n<p><strong>1938:<\/strong> \u00a0\u00a0 Vordingborg Landsogn indlemmes i k\u00f8bstadskommunen.<\/p>\n<p>Vintersb\u00f8lle Tuberkulosesanatorium bygges.<\/p>\n<p><strong>1947:<\/strong> \u00a0 \u00a0 Vindm\u00f8llen nedrives.<\/p>\n<p><strong>1942: \u00a0<\/strong> \u00a0 Beskyttelses-bunker bygges p\u00e5 spr\u00f8jtehus-tomten.<\/p>\n<p><strong>1943: \u00a0<\/strong> \u00a0 Dronning Alexandrines Bro (M\u00f8nsbroen) indvies.<\/p>\n<p><strong>1945: \u00a0<\/strong> \u00a0 Vandm\u00f8llen, landevejsm\u00f8llen s\u00e6lges til nedrivning.<\/p>\n<p>Bryggeriet aktiviteter oph\u00f8rer.<\/p>\n<p><strong>1948: \u00a0<\/strong> \u00a0 Buko lejer bryggeriet.<\/p>\n<p>Kalvehavebanens skinnebus kolliderer med Vordingborg bybus ved Florke trinbr\u00e6t.<\/p>\n<p><strong>1949:<\/strong> \u00a0 \u00a0 Johan J.H. Prahl overtager Hulemoseg\u00e5rden.<\/p>\n<p>Edelborg Hansen s\u00e6lger k\u00f8bmandsg\u00e5rden til Hans Petersen.<\/p>\n<p><strong>1953: \u00a0<\/strong> \u00a0 Hulemoses\u00f8en t\u00f8rl\u00e6gges og dr\u00e6nes umiddelbart efter.<\/p>\n<p><strong>1955: \u00a0<\/strong> \u00a0 Taget bl\u00e6ser af b\u00f8rnesanatoriet<\/p>\n<p><strong>1956:<\/strong> \u00a0 \u00a0 Det menes, at den sidste stump brostensbel\u00e6gning p\u00e5 Nyr\u00e5d Hovedgade forsvinder.<\/p>\n<p><strong>1959:<\/strong> \u00a0 \u00a0 Kalvehavebanens sidste dag er 31. marts.<\/p>\n<p><strong>1962: \u00a0<\/strong> \u00a0 Nyr\u00e5d vandv\u00e6rk indvies<\/p>\n<p><strong>1966: \u00a0<\/strong> \u00a0 Vordingborg Kommune k\u00f8ber Hulemoseg\u00e5rden med henblik p\u00e5 udstykning.<\/p>\n<p><strong>1968:<\/strong> \u00a0 \u00a0 Mejeriet nedl\u00e6gges.<\/p>\n<p>Hulemosevej anl\u00e6gges.<\/p>\n<p>Vordingborg Kommune s\u00e6lger Hulemoseg\u00e5rden til Greve Kommune.<\/p>\n<p><strong>1968:<\/strong> \u00a0 \u00a0 Savv\u00e6rket br\u00e6nder.<\/p>\n<p><strong>1971: \u00a0<\/strong> \u00a0 Kulsbjerg-omr\u00e5det erhverves af milit\u00e6ret.<\/p>\n<p>Hulemoses\u00f8en genetableret i september.<\/p>\n<p><strong>1974: \u00a0<\/strong> \u00a0 17. juni beslutter kommunen, at Nyr\u00e5d skal have en \u00f8. I efter\u00e5ret etableres stianl\u00e6gget omkring Hulemoses\u00f8en og Ny\u00f8 eller Frodes \u00f8 dannes til fuglereservat.<\/p>\n<p><strong>1975: \u00a0<\/strong> \u00a0 K\u00f8bmand Kurt S\u00f8rensen overtager k\u00f8bmandsg\u00e5rden efter Hans Petersen.<\/p>\n<p><strong>1980: \u00a0<\/strong> \u00a0 Bakkeb\u00f8llestien asfalteres fra Hjortev\u00e6nget til Vintersb\u00f8lle Skole.<\/p>\n<p><strong>1982: \u00a0<\/strong> \u00a0 Nationalforeningen til Tuberkulosens Bek\u00e6mpelse afh\u00e6nder Vintersb\u00f8lle Hospital 1. april til Vordingborg og Langeb\u00e6k Kommuner.<\/p>\n<p><strong>1983:<\/strong> \u00a0 \u00a0 Vintersb\u00f8lle Strand ombygges til plejehotel.<\/p>\n<p><strong>1985: \u00a0<\/strong> \u00a0 Far\u00f8broen indvies d. 5. juni.<\/p>\n<p><strong>1987: \u00a0<\/strong> \u00a0 Brugsen k\u00f8ber k\u00f8bmandsg\u00e5rden af KS Elitemarked (Kurt S\u00f8rensen)<\/p>\n<p><strong>1989: \u00a0<\/strong> \u00a0 B\u00f8rnehaven \u201dSkovhuset\u201d ved Vintersb\u00f8lle Hospital \u00e5bner.<\/p>\n<p>Kirseb\u00e6rplantagen opf\u00f8rt 1989-90 af Domea, med 122 lejligheder<\/p>\n<p><strong>1992:<\/strong> \u00a0 \u00a0 AB Kirseb\u00e6rhaven II p\u00e5 Theisensvej opf\u00f8res<\/p>\n<p><strong>2000:<\/strong> \u00a0 \u00a0 Lokalhistorisk Forening for Vintersb\u00f8lle\/Nyr\u00e5d stiftes<\/p>\n<p><strong>2001:<\/strong> \u00a0 \u00a0 SFO \u2013 Hasselitten opf\u00f8res<\/p>\n<p><strong>2004:<\/strong> \u00a0 \u00a0 Pr\u00e6steg\u00e5rden opf\u00f8res.<\/p>\n<p>Bev\u00e6rterhuset indvies<\/p>\n<p><strong>2005: \u00a0<\/strong> \u00a0 23 andelsboliger (AB H\u00d8JEN) og 5 ejerboliger (EF H\u00d8JEN) oprettes p\u00e5 Olsbjergvej.<\/p>\n<p><strong>2008: \u00a0<\/strong> \u00a0 Nyr\u00e5d lokalr\u00e5d etableres.<\/p>\n<p><strong>2012: \u00a0<\/strong> \u00a0 Grundejerforeningen Hulemoseparken etableres med 14 boliger p\u00e5 Kalvehavevej 5.<\/p>\n<p>Fladb\u00e6kken ledes uden om Hulemoses\u00f8en<\/p>\n<p>Tre regnvandss\u00f8er anlagt ved Nyr\u00e5d Overdrev<\/p>\n<p><strong>2013: \u00a0<\/strong> \u00a0 Lejerbo indretter 30 lejligheder i det gamle Vintersb\u00f8lle Hospital<\/p>\n<p><strong>2014: \u00a0<\/strong> \u00a0 Renoveringen af torvet er tilendebragt<\/p>\n<p><strong>\u00a0 \u00a0 \u00a0 \u00a0 \u00a0 \u00a0 \u00a0\u00a0<\/strong> Mountainbike rute etableres p\u00e5 Kulsbjerg.<\/p>\n<p>\u201dDen Krumme Eg\u201d v\u00e6lter i stormen et par dage f\u00f8r jul.<\/p>\n<p><strong>2015: \u00a0<\/strong> \u00a0 Den selvejende institution Theisens Papirv\u00e6rk stiftes<\/p>\n<p><strong>2016:<\/strong> \u00a0 \u00a0 Yogaloft indvies i det tidligere bryggeri<\/p>\n<p>Ny bro over b\u00e6kken ved Theisens Papirv\u00e6rk<\/p>\n<p><strong>2017: \u00a0<\/strong> \u00a0 Gangbro delvis rundt om Hulemoses\u00f8en tilendebragt.<\/p>\n<p>&nbsp;<\/p>\n<p>&nbsp;<\/p>\n<p>&nbsp;<\/p>\n<p>&nbsp;<\/p>\n<p><strong>\u00a0<\/strong><\/p>\n<p>&nbsp;<\/p>\n<p>&nbsp;<\/p>\n","protected":false},"excerpt":{"rendered":"<p>\u00c5rstal og h\u00e6ndelser, der vedr\u00f8rer Nyr\u00e5d historie.\u00a0 1348: \u00a0 \u00a0 Nyr\u00e5d skrives Nyrud dvs. ny rydning. 1501: \u00a0 \u00a0 Nyr\u00e5d skrives Nyraadt. 1513: \u00a0 \u00a0 Hollemos\u00e6 Vandm\u00f8lle n\u00e6vnes f\u00f8rste gang i en jordebog ang. landgilde. [&hellip;]<\/p>\n","protected":false},"author":4,"featured_media":0,"parent":36,"menu_order":0,"comment_status":"open","ping_status":"open","template":"","meta":{"footnotes":""},"class_list":["post-2599","page","type-page","status-publish","hentry"],"_links":{"self":[{"href":"https:\/\/www.vinterhistorie.dk\/index.php?rest_route=\/wp\/v2\/pages\/2599","targetHints":{"allow":["GET"]}}],"collection":[{"href":"https:\/\/www.vinterhistorie.dk\/index.php?rest_route=\/wp\/v2\/pages"}],"about":[{"href":"https:\/\/www.vinterhistorie.dk\/index.php?rest_route=\/wp\/v2\/types\/page"}],"author":[{"embeddable":true,"href":"https:\/\/www.vinterhistorie.dk\/index.php?rest_route=\/wp\/v2\/users\/4"}],"replies":[{"embeddable":true,"href":"https:\/\/www.vinterhistorie.dk\/index.php?rest_route=%2Fwp%2Fv2%2Fcomments&post=2599"}],"version-history":[{"count":21,"href":"https:\/\/www.vinterhistorie.dk\/index.php?rest_route=\/wp\/v2\/pages\/2599\/revisions"}],"predecessor-version":[{"id":2602,"href":"https:\/\/www.vinterhistorie.dk\/index.php?rest_route=\/wp\/v2\/pages\/2599\/revisions\/2602"}],"up":[{"embeddable":true,"href":"https:\/\/www.vinterhistorie.dk\/index.php?rest_route=\/wp\/v2\/pages\/36"}],"wp:attachment":[{"href":"https:\/\/www.vinterhistorie.dk\/index.php?rest_route=%2Fwp%2Fv2%2Fmedia&parent=2599"}],"curies":[{"name":"wp","href":"https:\/\/api.w.org\/{rel}","templated":true}]}}