{"id":2547,"date":"2018-07-31T06:21:33","date_gmt":"2018-07-31T06:21:33","guid":{"rendered":"http:\/\/www.vinterhistorie.dk\/?page_id=2547"},"modified":"2020-02-26T10:54:58","modified_gmt":"2020-02-26T10:54:58","slug":"nyrad-asyl","status":"publish","type":"page","link":"https:\/\/www.vinterhistorie.dk\/?page_id=2547","title":{"rendered":"Nyr\u00e5d Asyl"},"content":{"rendered":"<p>Overfor Elmeg\u00e5rd l\u00e5 Nyr\u00e5d Asyl. Det blev bygget i 1880 p\u00e5 et stykke opfyldt jord i den ene ende af gadek\u00e6ret.<\/p>\n<p>Der var dengang mange fattige og b\u00f8rnerige familier i Nyr\u00e5d og en r\u00e6kke af egnens fremtr\u00e6dende personer tog initiativ til og lagde sig i selen for at skaffe midler til opf\u00f8relsen af asylet og derefter driften af det.<\/p>\n<p>Asylets f\u00f8rste bestyrelse bestod af k\u00f8bmand H.M.F. Theisen, kammerherreinde Oxholm, Rosenfeldt, statsr\u00e5dinde Hammerich, Iselingen og frk. Ida Suhr, Petersg\u00e5rd.<\/p>\n<p>Asylet oph\u00f8rte som asyl i 1921 og blev derefter i mange \u00e5r bolig for menighedssygeplejersken.<\/p>\n<p>Ved siden af lejligheden var indrettet et lille m\u00f8delokale, hvor der holdtes kirkelige m\u00f8der og om s\u00f8ndagen, s\u00f8ndagsskole.<\/p>\n<p>Efter 1945 blev bygningen igen benyttet som b\u00f8rnehave af Vordingborg kommune, indtil de sm\u00e5 pladsforhold tvang kommunen til at indrette den gamle forskole, der l\u00e5 t\u00e6t ved, til ny b\u00f8rnehave. Siden blev der bygget en helt ny b\u00f8rnehave, ved Hasselv\u00e6nget.<\/p>\n<p>Ved nedl\u00e6ggelsen af asylet opstod et problem da man benyttede at afh\u00e6nde ejendommen til privat brug.<\/p>\n<p>Hvem ejede egentlig bygningen og hvem skulle have de penge salget indbragte.<\/p>\n<p>Efter lange forhandlinger enedes man om at lade pengene g\u00e5 til de forebyggende b\u00f8rneinstitutioner i Vordingborg. Det var jo b\u00f8rnene der var t\u00e6nkt p\u00e5 fra f\u00f8rste f\u00e6rd.<\/p>\n<p>Selve bygningen ligger stadig ved gadek\u00e6ret &#8211; nu Hovedgaden 43.<\/p>\n<p>Her var desuden s\u00e5 sent som i 1920`erne en gadebr\u00f8nd<\/p>\n","protected":false},"excerpt":{"rendered":"<p>Overfor Elmeg\u00e5rd l\u00e5 Nyr\u00e5d Asyl. Det blev bygget i 1880 p\u00e5 et stykke opfyldt jord i den ene ende af gadek\u00e6ret. Der var dengang mange fattige og b\u00f8rnerige familier i Nyr\u00e5d og en r\u00e6kke af [&hellip;]<\/p>\n","protected":false},"author":4,"featured_media":0,"parent":36,"menu_order":0,"comment_status":"open","ping_status":"open","template":"","meta":{"footnotes":""},"class_list":["post-2547","page","type-page","status-publish","hentry"],"_links":{"self":[{"href":"https:\/\/www.vinterhistorie.dk\/index.php?rest_route=\/wp\/v2\/pages\/2547","targetHints":{"allow":["GET"]}}],"collection":[{"href":"https:\/\/www.vinterhistorie.dk\/index.php?rest_route=\/wp\/v2\/pages"}],"about":[{"href":"https:\/\/www.vinterhistorie.dk\/index.php?rest_route=\/wp\/v2\/types\/page"}],"author":[{"embeddable":true,"href":"https:\/\/www.vinterhistorie.dk\/index.php?rest_route=\/wp\/v2\/users\/4"}],"replies":[{"embeddable":true,"href":"https:\/\/www.vinterhistorie.dk\/index.php?rest_route=%2Fwp%2Fv2%2Fcomments&post=2547"}],"version-history":[{"count":5,"href":"https:\/\/www.vinterhistorie.dk\/index.php?rest_route=\/wp\/v2\/pages\/2547\/revisions"}],"predecessor-version":[{"id":2725,"href":"https:\/\/www.vinterhistorie.dk\/index.php?rest_route=\/wp\/v2\/pages\/2547\/revisions\/2725"}],"up":[{"embeddable":true,"href":"https:\/\/www.vinterhistorie.dk\/index.php?rest_route=\/wp\/v2\/pages\/36"}],"wp:attachment":[{"href":"https:\/\/www.vinterhistorie.dk\/index.php?rest_route=%2Fwp%2Fv2%2Fmedia&parent=2547"}],"curies":[{"name":"wp","href":"https:\/\/api.w.org\/{rel}","templated":true}]}}