{"id":1578,"date":"2014-02-15T10:52:03","date_gmt":"2014-02-15T10:52:03","guid":{"rendered":"http:\/\/www.vinterhistorie.dk\/?page_id=1578"},"modified":"2014-02-15T10:52:03","modified_gmt":"2014-02-15T10:52:03","slug":"nyraad-oldepot","status":"publish","type":"page","link":"https:\/\/www.vinterhistorie.dk\/?page_id=1578","title":{"rendered":"Nyraad \u00d8ldepot"},"content":{"rendered":"<p>Efter 1925 blev det tidligere elektricitetsv\u00e6rk i Nyr\u00e5d, beliggende Krovej 30, brugt til \u00f8ldepot af Harald Petersen (\u00d8l-Harald) &#8211; den anden ende af bygningen benyttede cigarmager Viggo Johansen (s\u00f8n af murermester og v\u00e6ver I.C. Johansen, som ejede huset).\u00a0 Viggo Johansen solgte ogs\u00e5 ugeblade (Bladmanden).<\/p>\n<p>Albani fra Odense blev opbevaret og solgt derfra.\u00a0 Der var en chauff\u00f8r &#8211; Bobo Wulf.\u00a0 \u00d8llet kom med jernbanen.\u00a0 Der var et pakhus, skiftespor og baneanl\u00e6g med en rampe til af- og p\u00e5l\u00e6sning af kreaturer.\u00a0 Der blev leveret \u00f8l hver uge.\u00a0 Ved sportsst\u00e6vner i Nyraad leveredes \u00f8l fra depotet.\u00a0 Sportst\u00f8jet blev sponsoreret af Harald Petersens nabo.<\/p>\n<p>Depotindehavere:<\/p>\n<ul>\n<li>Harald Petersen, Nyr\u00e5d Hovedgade 31 a<\/li>\n<li>Samuelsen, Nyr\u00e5d Hovedgade 33<\/li>\n<li>Ejner Hansen (centralen), Nyr\u00e5d Hovedgade 68<\/li>\n<li>Fr\u00f8lich Wulff Petersen (Bobo), Nyr\u00e5d Hovedgade 85<\/li>\n<\/ul>\n<p>Hvorefter det blev flyttet til Vognmandsg\u00e5rden.<\/p>\n<p>&nbsp;<\/p>\n<p>Erindringer om \u00f8ldepotet (kilde ukendt):<\/p>\n<p>&#8220;Intet er s\u00e5 galt uden det er godt for nogen, Nyr\u00e5d f\u00e5r sit eget \u00f8ldepot, og det er der brug for, for der er mange t\u00f8rstige i Nyr\u00e5d. \u00d8l-Harald lejer sig ind i noget af elektricitetsbygningen med \u00f8ldepot.\u00a0 Den forreste ende r\u00e5der cigarmager Viggo Johansen selv over, s\u00e5 der er nok rullet en del cigarer, det passer ogs\u00e5 godt sammen med \u00f8l.\u00a0 Odense-Albani bliver ret udbredt i Nyr\u00e5d, og gud n\u00e5de den sj\u00e6l, som ikke drikker Odense \u00f8l.\u00a0 Man skal jo lige huske, at kloaksystemet i Nyr\u00e5d ikke er det bedste, s\u00e5 det g\u00f8r ikke noget, at folk fik tynd mave.<\/p>\n<p>\u00d8llet kom med jernbanen til Nyr\u00e5d station, som havde pakhus og sidespor til godstransport; der holdt tiere og tiere en godsvogn fra Albani p\u00e5 stationen.<\/p>\n<p>\u00d8l-Harald drak vist nok ogs\u00e5 en del selv, jeg kan da huske, at jeg somme tider, hvis vi legede ved depotet omkring fyraften, og Harald var i ekstra godt hum\u00f8r, kunne der godt vanke en sodavand.\u00a0 Var der sportsst\u00e6vne eller andre store begivenheder, var det selvf\u00f8lgelig med drikkevarer fra \u00f8ldepotet.&#8221;<\/p>\n","protected":false},"excerpt":{"rendered":"<p>Efter 1925 blev det tidligere elektricitetsv\u00e6rk i Nyr\u00e5d, beliggende Krovej 30, brugt til \u00f8ldepot af Harald Petersen (\u00d8l-Harald) &#8211; den anden ende af bygningen benyttede cigarmager Viggo Johansen (s\u00f8n af murermester og v\u00e6ver I.C. Johansen, [&hellip;]<\/p>\n","protected":false},"author":3,"featured_media":0,"parent":36,"menu_order":0,"comment_status":"open","ping_status":"open","template":"","meta":{"footnotes":""},"class_list":["post-1578","page","type-page","status-publish","hentry"],"_links":{"self":[{"href":"https:\/\/www.vinterhistorie.dk\/index.php?rest_route=\/wp\/v2\/pages\/1578","targetHints":{"allow":["GET"]}}],"collection":[{"href":"https:\/\/www.vinterhistorie.dk\/index.php?rest_route=\/wp\/v2\/pages"}],"about":[{"href":"https:\/\/www.vinterhistorie.dk\/index.php?rest_route=\/wp\/v2\/types\/page"}],"author":[{"embeddable":true,"href":"https:\/\/www.vinterhistorie.dk\/index.php?rest_route=\/wp\/v2\/users\/3"}],"replies":[{"embeddable":true,"href":"https:\/\/www.vinterhistorie.dk\/index.php?rest_route=%2Fwp%2Fv2%2Fcomments&post=1578"}],"version-history":[{"count":2,"href":"https:\/\/www.vinterhistorie.dk\/index.php?rest_route=\/wp\/v2\/pages\/1578\/revisions"}],"predecessor-version":[{"id":2544,"href":"https:\/\/www.vinterhistorie.dk\/index.php?rest_route=\/wp\/v2\/pages\/1578\/revisions\/2544"}],"up":[{"embeddable":true,"href":"https:\/\/www.vinterhistorie.dk\/index.php?rest_route=\/wp\/v2\/pages\/36"}],"wp:attachment":[{"href":"https:\/\/www.vinterhistorie.dk\/index.php?rest_route=%2Fwp%2Fv2%2Fmedia&parent=1578"}],"curies":[{"name":"wp","href":"https:\/\/api.w.org\/{rel}","templated":true}]}}