{"id":1531,"date":"2014-01-30T09:29:34","date_gmt":"2014-01-30T09:29:34","guid":{"rendered":"http:\/\/www.vinterhistorie.dk\/?page_id=1531"},"modified":"2016-04-04T18:07:40","modified_gmt":"2016-04-04T18:07:40","slug":"holberggarden","status":"publish","type":"page","link":"https:\/\/www.vinterhistorie.dk\/?page_id=1531","title":{"rendered":"Holbergg\u00e5rden"},"content":{"rendered":"<p><em>Af\u00a0 Ellen Margrethe Nielsen.<\/em><\/p>\n<p><em><\/em><strong>\u00a0<span style=\"text-decoration: underline;\">Oversigt<\/span><\/strong><\/p>\n<p>Holbergg\u00e5rden (Piileg\u00e5rden) er nok den g\u00e5rd i Bakkeb\u00f8lle, der har haft flest f\u00e6stere, ejere, forpagtere og brugere. Sidst i 1600-tallet var g\u00e5rden ejet af J\u00f8rgen Michelsen Piil og efterf\u00f8lgende blev ejerskabet s\u00e5ledes:<\/p>\n<p>1699 Jakob J\u00f8rgensen Piil (s\u00f8n af J\u00f8rgen Michelsen Piil)<br \/>\n1725 Peiter Larsen Piil<br \/>\n1765 Mads Jensen Piil (selvejer fra 1795)<br \/>\n1801 Lars Peitersen Piil (s\u00f8n af Peiter Larsen Piil)<\/p>\n<p>S\u00f8n af Lars Peitersen Piil, Peter Larsen Piil, passede g\u00e5rden for sin far og senere for sin mor. Peter overtager g\u00e5rden 1813, men d\u00f8r samme \u00e5r, og Ole Andersen M\u00e5re overtager, men s\u00e6lger allerede i 1818 til Hans Hansen Krog, som d\u00f8r i 1819.<\/p>\n<p>Derefter k\u00f8ber fuldm\u00e6gtig Hans Hoffmann Holberg Holbergg\u00e5rden og forpagter den ud til Hans Pedersen i Sallerup, som s\u00e5 k\u00f8ber g\u00e5rden i 1831. Hans Pedersen d\u00f8r i 1854, og enken overtager g\u00e5rden og s\u00e6lger igen 1859 til s\u00f8nnen Hans Hansen Holberg. S\u00f8nnen Hans Peder Holberg overtager g\u00e5rden i 1904, hvor Johannes Hovmand forpagter fra 1916 til 1927.<\/p>\n<p>Johan Fenger overtager forpagtningen i 1927 og k\u00f8ber g\u00e5rden i 1933. I 1936 forpagtes g\u00e5rden ud til Ejvind Olsen.<\/p>\n<p>Johan Fenger anl\u00e6gger efter 1944 en frugtplantage, der bliver udskilt fra Holbergg\u00e5rdens jorde, og han bygger det nuv\u00e6rende &#8220;Holberghus&#8221; som bliver anvendt til opbevaring af frugt og til beboelse.<\/p>\n<p>Holbergg\u00e5rden s\u00e6lges til fabrikant Nielsen, TEKNO, der driver g\u00e5rden ved forskellige bestyrere, indtil en hr. Rasmussen k\u00f8ber g\u00e5rden i 1951 og samme \u00e5r overtages g\u00e5rden af Ove M\u00f8ss.<\/p>\n<p>I 1961 k\u00f8ber Georg Petersen g\u00e5rden og overtager i 1964 den p\u00e5 det tidspunkt ryddede frugtplantage. Fra 1966 til 1980 forpagter Holbergg\u00e5rden ogs\u00e5 Strandg\u00e5rden.<\/p>\n<p>I 1975 d\u00f8r Georg Petersen, og broderen, Ove Petersen, bestyrer g\u00e5rden for enken, Inger Petersen.<\/p>\n<p><span style=\"text-decoration: underline;\"><strong>H\u00e6ndelser og anekdoter<\/strong><\/span><\/p>\n<p>Hans Peter Hansen Holberg var \u00e9n af initiativtagerne til rejsning af mindestenen over de 16 g\u00e5rde, der i 1795 blev k\u00f8bt fri fra Lilliendal Gods af Lars Stage og Jens Andersen. Holbergg\u00e5rden havde nr. 13.<\/p>\n<p>Hans Hansen Holberg d\u00f8r i 1904 og efterf\u00f8lges af s\u00f8nnen, Hans Peter Hansen Holberg. I 1907-08 bygger Hans Peter en ny stald og en lade til g\u00e5rden. Han blev senere kontorbestyrer i Bondestandens Sparekasse, og forpagtede derfor g\u00e5rden ud i marts 1916 til Johannes Hovmand, som p\u00e5 det tidspunkt ejede g\u00e5rden &#8220;Rosn\u00e6s&#8221; i Bakkeb\u00f8lle. Senere solgte han Rosn\u00e6s og flyttede til Holbergg\u00e5rden, hvorefter han i 1927 igen flyttede tilbage til Rosn\u00e6s, hvor han blev bestyrer. Johan Fenger overtog da forpagtningen af Holbergg\u00e5rden.<\/p>\n<p>Johan Fenger var umiddelbart forinden blevet gift med Lorentze, en s\u00f8sterdatter til Hans Peter Hansen Holberg. Johan og Lorentze fik en s\u00f8n, Erik Fenger. Johan Fenger er f\u00f8dt i 1902 i Lindknud og opvokset i Tuse N\u00e6s, hvortil familien flyttede i 1906. Allerede som 19-\u00e5rig kom han f\u00f8rste gang til &#8220;Skovhuseg\u00e5rd&#8221;, som ejedes af en sl\u00e6gtning, Fraas. I nogle \u00e5r besk\u00e6ftigede han sig med landbrug og plantagedrift i Jylland, indtil han i august 1924 blev kaldt tilbage til Skovhuseg\u00e5rd, hvor han blev bestyrer. Det var meningen, at Johan Fenger skulle overtage Skovhuseg\u00e5rd, og han anbragte derfor nogle penge i g\u00e5rden. Da han i stedet overtog forpagtningen af Holbergg\u00e5rden i for\u00e5ret 1927, fik han sin investering godtgjort i form af 2 heste, 8 kvier og en tyr. Da han kommer til Holbergg\u00e5rden, befinder han sig midt i en strid om byens ret til at benytte Strandg\u00e5rdsvejen som adgang til stranden.<\/p>\n<p>I 1923 k\u00f8bte Harald Quistgaard &#8220;Ornumhave&#8221; t\u00e6t ved stranden, og han mente, at han dermed ogs\u00e5 havde k\u00f8bt vejen ned til stranden. Som ny ejer afsp\u00e6rrede han s\u00e5 vejen med en bom. Byen mente at have adgangsret til stranden, og br\u00f8d flere gange bommen ned. Der k\u00f8rte en retssag i flere \u00e5r, og det endte med, at Landsognet i 1933 overtog vejen og p\u00e5lagde Johan Fenger, som p\u00e5 det tidspunkt havde k\u00f8bt Holbergg\u00e5rden, at deltage med 35.000 kr. til vejens udvidelse. Johan Fenger mente, ud fra gamle dokumenter, at kunne bevise, at vejen i 1797 var udlagt som &#8220;byens vej til stranden&#8221;, og p\u00e5 grundlag heraf vandt han ogs\u00e5 sagen ved Landsretten, og han blev i stedet tilkendt en erstatning for den jord, der blev eksproprieret til vejudvidelsen.<\/p>\n<p>I 1935 fras\u00e6lger Johan Fenger en grund p\u00e5 hj\u00f8rnet af Strandg\u00e5rdsvej og Bakkeb\u00f8llevej til smedemester Ejner Petersen, hvor han bygger sig en bolig skr\u00e5t over for smedjen.<\/p>\n<p>Johan Fenger interesserede sig meget for frugtavl, og allerede i 1934 tilplantede han 4 tdr.land \u00f8st for vejen med frugttr\u00e6er. Arbejdet hermed optog ham s\u00e5 meget, at han i 1936 forpagtedes Holbergg\u00e5rden ud til Ejvind Olsen fra Klinteby. I 1944 bliver plantagen udvidet til at omfatte i alt 4,3 ha., og for helt at kunne hellige sig driften af denne, s\u00e6lger Johan Fenger Holbergg\u00e5rden til fabrikant Johannes Nielsen, TEKNO.<\/p>\n<p>Johan Fenger betinger sig dog ret til at blive boende p\u00e5 g\u00e5rden i 3 \u00e5r, men allerede samme \u00e5r bygger han &#8220;Holberghus&#8221; og flytter derover. Fabrikant Nielsen driver nu g\u00e5rden ved hj\u00e6lp af forskellige bestyrere.<\/p>\n<p>I 1947 flytter s\u00e5 Elida og Harald Christensen med deres s\u00f8n Hardy, 4 \u00e5r, ind i Holbergg\u00e5rden som bestyrer. De bor i den \u00f8stlige ende af stuehuset, og den anden ende havde fabrikant Nielsen til sin r\u00e5dighed. Han havde sin l\u00e6dervarefabrik, TEKNO, og villa i Vordingborg, og s\u00e5 Holbergg\u00e5rden, hvor der bl.a. var rideheste.<\/p>\n<p>Fabrikant Nielsen s\u00e6lger Holbergg\u00e5rden til en hr. Rasmussen, som kun ejede den et par m\u00e5neder, hvorefter han solgte den til Margit og Ove M\u00f8ss. Disse to handler blev gennemf\u00f8rt i sommeren 1951. Ove M\u00f8ss solgte s\u00e5 g\u00e5rden i 1961 til Inger og Georg Petersen fra Kalvehave.<\/p>\n<p>Tilbage til Holberghus.<br \/>\nI 1960 solgte Johan Fenger Holberghus og plantage til Elida og Harald Christensen. Harald ryddede plantagen for at udstykke arealet, men da det ikke kunne lade sig g\u00f8re pga. byplanvedt\u00e6gten, s\u00e6lger han i 1962 ejendommen til Anders Nyg\u00e5rd Pedersen, Strandg\u00e5rden, og Strandg\u00e5rden bliver ved samme lejlighed solgt til Georg Petersen, Holbergg\u00e5rden.<\/p>\n<p>I 1975 d\u00f8r Georg Petersen, og hans bror , Ove, har siden bestyret g\u00e5rden for enken, Inger Petersen. Fra 1966 til 1980 har Holbergg\u00e5rden forpagtet Strandg\u00e5rdens jorde.<\/p>\n<p>&nbsp;<\/p>\n","protected":false},"excerpt":{"rendered":"<p>Af\u00a0 Ellen Margrethe Nielsen. \u00a0Oversigt Holbergg\u00e5rden (Piileg\u00e5rden) er nok den g\u00e5rd i Bakkeb\u00f8lle, der har haft flest f\u00e6stere, ejere, forpagtere og brugere. Sidst i 1600-tallet var g\u00e5rden ejet af J\u00f8rgen Michelsen Piil og efterf\u00f8lgende blev [&hellip;]<\/p>\n","protected":false},"author":4,"featured_media":0,"parent":36,"menu_order":0,"comment_status":"open","ping_status":"open","template":"","meta":{"footnotes":""},"class_list":["post-1531","page","type-page","status-publish","hentry"],"_links":{"self":[{"href":"https:\/\/www.vinterhistorie.dk\/index.php?rest_route=\/wp\/v2\/pages\/1531","targetHints":{"allow":["GET"]}}],"collection":[{"href":"https:\/\/www.vinterhistorie.dk\/index.php?rest_route=\/wp\/v2\/pages"}],"about":[{"href":"https:\/\/www.vinterhistorie.dk\/index.php?rest_route=\/wp\/v2\/types\/page"}],"author":[{"embeddable":true,"href":"https:\/\/www.vinterhistorie.dk\/index.php?rest_route=\/wp\/v2\/users\/4"}],"replies":[{"embeddable":true,"href":"https:\/\/www.vinterhistorie.dk\/index.php?rest_route=%2Fwp%2Fv2%2Fcomments&post=1531"}],"version-history":[{"count":14,"href":"https:\/\/www.vinterhistorie.dk\/index.php?rest_route=\/wp\/v2\/pages\/1531\/revisions"}],"predecessor-version":[{"id":2196,"href":"https:\/\/www.vinterhistorie.dk\/index.php?rest_route=\/wp\/v2\/pages\/1531\/revisions\/2196"}],"up":[{"embeddable":true,"href":"https:\/\/www.vinterhistorie.dk\/index.php?rest_route=\/wp\/v2\/pages\/36"}],"wp:attachment":[{"href":"https:\/\/www.vinterhistorie.dk\/index.php?rest_route=%2Fwp%2Fv2%2Fmedia&parent=1531"}],"curies":[{"name":"wp","href":"https:\/\/api.w.org\/{rel}","templated":true}]}}